{"id":113,"date":"2016-06-21T11:08:11","date_gmt":"2016-06-21T09:08:11","guid":{"rendered":"http:\/\/www.hh-development.eu\/cms\/?page_id=113"},"modified":"2016-10-25T11:44:20","modified_gmt":"2016-10-25T09:44:20","slug":"beratung","status":"publish","type":"page","link":"https:\/\/www.hh-development.eu\/cms\/service\/beratung\/","title":{"rendered":"Beratung"},"content":{"rendered":"<p><\/p>\n<p style=\"text-align: justify;\"><a href=\"http:\/\/www.hh-development.eu\/cms\/wp-content\/uploads\/2016\/06\/W\u00fcrfel-HH-Development.png\"><img decoding=\"async\" loading=\"lazy\" class=\"alignright wp-image-871 size-full\" title=\"Beratung\" src=\"http:\/\/www.hh-development.eu\/cms\/wp-content\/uploads\/2016\/06\/W\u00fcrfel-HH-Development.png\" alt=\"Beratung\" width=\"271\" height=\"199\" \/><\/a>Unsere Mitarbeiter verf\u00fcgen \u00fcber langj\u00e4hrige Erfahrungen im IT-Consulting sowie in der Entwicklung und Umsetzung individueller Softwarel\u00f6sungen.<\/p>\n<p style=\"text-align: justify;\">Jedes Unternehmen hat seine eigenen Prozessabl\u00e4ufe und daraus resultierend individuelle Anforderungen. Gemeinsam mit unseren Kunden werden L\u00f6sungsmodelle entwickelt, die den individuellen Anforderungen optimal entsprechen.<\/p>\n<p><\/p>","protected":false},"excerpt":{"rendered":"<p>Unsere Mitarbeiter verf\u00fcgen \u00fcber langj\u00e4hrige Erfahrungen im IT-Consulting sowie in der Entwicklung und Umsetzung individueller Softwarel\u00f6sungen. Jedes Unternehmen hat seine eigenen Prozessabl\u00e4ufe und daraus resultierend individuelle Anforderungen. Gemeinsam mit unseren <a href=\"https:\/\/www.hh-development.eu\/cms\/service\/beratung\/\" class=\"more-link\">[&hellip;]<\/a><\/p>\n","protected":false},"author":1,"featured_media":0,"parent":47,"menu_order":1,"comment_status":"closed","ping_status":"closed","template":"","meta":{"Layout":""},"yoast_head":"<!-- This site is optimized with the Yoast SEO plugin v19.14 - https:\/\/yoast.com\/wordpress\/plugins\/seo\/ -->\n<title>Beratung und gemeinsame Entwicklung von Softwarel\u00f6sungen<\/title>\n<meta name=\"description\" content=\"Unsere Mitarbeiter verf\u00fcgen \u00fcber langj\u00e4hrige Erfahrung im IT Consulting und in der Entwicklung von individuellen Softwarel\u00f6sungen.\" \/>\n<meta name=\"robots\" content=\"index, follow, max-snippet:-1, max-image-preview:large, max-video-preview:-1\" \/>\n<link rel=\"canonical\" href=\"https:\/\/www.hh-development.eu\/cms\/service\/beratung\/\" \/>\n<meta property=\"og:locale\" content=\"de_DE\" \/>\n<meta property=\"og:type\" content=\"article\" \/>\n<meta property=\"og:title\" content=\"Beratung und gemeinsame Entwicklung von Softwarel\u00f6sungen\" \/>\n<meta property=\"og:description\" content=\"Unsere Mitarbeiter verf\u00fcgen \u00fcber langj\u00e4hrige Erfahrung im IT Consulting und in der Entwicklung von individuellen Softwarel\u00f6sungen.\" \/>\n<meta property=\"og:url\" content=\"https:\/\/www.hh-development.eu\/cms\/service\/beratung\/\" \/>\n<meta property=\"article:publisher\" content=\"https:\/\/www.facebook.com\/HH-Development-Industrial-Software-Solutions-GmbH-106837180908857\/\" \/>\n<meta property=\"article:modified_time\" content=\"2016-10-25T09:44:20+00:00\" \/>\n<meta name=\"twitter:card\" content=\"summary_large_image\" \/>\n<script type=\"application\/ld+json\" class=\"yoast-schema-graph\">{\"@context\":\"https:\/\/schema.org\",\"@graph\":[{\"@type\":\"WebPage\",\"@id\":\"https:\/\/www.hh-development.eu\/cms\/service\/beratung\/\",\"url\":\"https:\/\/www.hh-development.eu\/cms\/service\/beratung\/\",\"name\":\"Beratung und gemeinsame Entwicklung von Softwarel\u00f6sungen\",\"isPartOf\":{\"@id\":\"https:\/\/www.hh-development.eu\/cms\/#website\"},\"datePublished\":\"2016-06-21T09:08:11+00:00\",\"dateModified\":\"2016-10-25T09:44:20+00:00\",\"description\":\"Unsere Mitarbeiter verf\u00fcgen \u00fcber langj\u00e4hrige Erfahrung im IT Consulting und in der Entwicklung von individuellen Softwarel\u00f6sungen.\",\"breadcrumb\":{\"@id\":\"https:\/\/www.hh-development.eu\/cms\/service\/beratung\/#breadcrumb\"},\"inLanguage\":\"de\",\"potentialAction\":[{\"@type\":\"ReadAction\",\"target\":[\"https:\/\/www.hh-development.eu\/cms\/service\/beratung\/\"]}]},{\"@type\":\"BreadcrumbList\",\"@id\":\"https:\/\/www.hh-development.eu\/cms\/service\/beratung\/#breadcrumb\",\"itemListElement\":[{\"@type\":\"ListItem\",\"position\":1,\"name\":\"Startseite\",\"item\":\"https:\/\/www.hh-development.eu\/cms\/\"},{\"@type\":\"ListItem\",\"position\":2,\"name\":\"Service\",\"item\":\"https:\/\/www.hh-development.eu\/cms\/service\/\"},{\"@type\":\"ListItem\",\"position\":3,\"name\":\"Beratung\"}]},{\"@type\":\"WebSite\",\"@id\":\"https:\/\/www.hh-development.eu\/cms\/#website\",\"url\":\"https:\/\/www.hh-development.eu\/cms\/\",\"name\":\"hh-development.eu\",\"description\":\"\",\"publisher\":{\"@id\":\"https:\/\/www.hh-development.eu\/cms\/#organization\"},\"potentialAction\":[{\"@type\":\"SearchAction\",\"target\":{\"@type\":\"EntryPoint\",\"urlTemplate\":\"https:\/\/www.hh-development.eu\/cms\/?s={search_term_string}\"},\"query-input\":\"required name=search_term_string\"}],\"inLanguage\":\"de\"},{\"@type\":\"Organization\",\"@id\":\"https:\/\/www.hh-development.eu\/cms\/#organization\",\"name\":\"H&H Development Industrial Software Solutions GmbH\",\"url\":\"https:\/\/www.hh-development.eu\/cms\/\",\"logo\":{\"@type\":\"ImageObject\",\"inLanguage\":\"de\",\"@id\":\"https:\/\/www.hh-development.eu\/cms\/#\/schema\/logo\/image\/\",\"url\":\"https:\/\/www.hh-development.eu\/cms\/wp-content\/uploads\/2016\/07\/Logo_neu2-1.png\",\"contentUrl\":\"https:\/\/www.hh-development.eu\/cms\/wp-content\/uploads\/2016\/07\/Logo_neu2-1.png\",\"width\":869,\"height\":256,\"caption\":\"H&H Development Industrial Software Solutions GmbH\"},\"image\":{\"@id\":\"https:\/\/www.hh-development.eu\/cms\/#\/schema\/logo\/image\/\"},\"sameAs\":[\"https:\/\/www.facebook.com\/HH-Development-Industrial-Software-Solutions-GmbH-106837180908857\/\"]}]}<\/script>\n<!-- \/ Yoast SEO plugin. -->","yoast_head_json":{"title":"Beratung und gemeinsame Entwicklung von Softwarel\u00f6sungen","description":"Unsere Mitarbeiter verf\u00fcgen \u00fcber langj\u00e4hrige Erfahrung im IT Consulting und in der Entwicklung von individuellen Softwarel\u00f6sungen.","robots":{"index":"index","follow":"follow","max-snippet":"max-snippet:-1","max-image-preview":"max-image-preview:large","max-video-preview":"max-video-preview:-1"},"canonical":"https:\/\/www.hh-development.eu\/cms\/service\/beratung\/","og_locale":"de_DE","og_type":"article","og_title":"Beratung und gemeinsame Entwicklung von Softwarel\u00f6sungen","og_description":"Unsere Mitarbeiter verf\u00fcgen \u00fcber langj\u00e4hrige Erfahrung im IT Consulting und in der Entwicklung von individuellen Softwarel\u00f6sungen.","og_url":"https:\/\/www.hh-development.eu\/cms\/service\/beratung\/","article_publisher":"https:\/\/www.facebook.com\/HH-Development-Industrial-Software-Solutions-GmbH-106837180908857\/","article_modified_time":"2016-10-25T09:44:20+00:00","twitter_card":"summary_large_image","schema":{"@context":"https:\/\/schema.org","@graph":[{"@type":"WebPage","@id":"https:\/\/www.hh-development.eu\/cms\/service\/beratung\/","url":"https:\/\/www.hh-development.eu\/cms\/service\/beratung\/","name":"Beratung und gemeinsame Entwicklung von Softwarel\u00f6sungen","isPartOf":{"@id":"https:\/\/www.hh-development.eu\/cms\/#website"},"datePublished":"2016-06-21T09:08:11+00:00","dateModified":"2016-10-25T09:44:20+00:00","description":"Unsere Mitarbeiter verf\u00fcgen \u00fcber langj\u00e4hrige Erfahrung im IT Consulting und in der Entwicklung von individuellen Softwarel\u00f6sungen.","breadcrumb":{"@id":"https:\/\/www.hh-development.eu\/cms\/service\/beratung\/#breadcrumb"},"inLanguage":"de","potentialAction":[{"@type":"ReadAction","target":["https:\/\/www.hh-development.eu\/cms\/service\/beratung\/"]}]},{"@type":"BreadcrumbList","@id":"https:\/\/www.hh-development.eu\/cms\/service\/beratung\/#breadcrumb","itemListElement":[{"@type":"ListItem","position":1,"name":"Startseite","item":"https:\/\/www.hh-development.eu\/cms\/"},{"@type":"ListItem","position":2,"name":"Service","item":"https:\/\/www.hh-development.eu\/cms\/service\/"},{"@type":"ListItem","position":3,"name":"Beratung"}]},{"@type":"WebSite","@id":"https:\/\/www.hh-development.eu\/cms\/#website","url":"https:\/\/www.hh-development.eu\/cms\/","name":"hh-development.eu","description":"","publisher":{"@id":"https:\/\/www.hh-development.eu\/cms\/#organization"},"potentialAction":[{"@type":"SearchAction","target":{"@type":"EntryPoint","urlTemplate":"https:\/\/www.hh-development.eu\/cms\/?s={search_term_string}"},"query-input":"required name=search_term_string"}],"inLanguage":"de"},{"@type":"Organization","@id":"https:\/\/www.hh-development.eu\/cms\/#organization","name":"H&H Development Industrial Software Solutions GmbH","url":"https:\/\/www.hh-development.eu\/cms\/","logo":{"@type":"ImageObject","inLanguage":"de","@id":"https:\/\/www.hh-development.eu\/cms\/#\/schema\/logo\/image\/","url":"https:\/\/www.hh-development.eu\/cms\/wp-content\/uploads\/2016\/07\/Logo_neu2-1.png","contentUrl":"https:\/\/www.hh-development.eu\/cms\/wp-content\/uploads\/2016\/07\/Logo_neu2-1.png","width":869,"height":256,"caption":"H&H Development Industrial Software Solutions GmbH"},"image":{"@id":"https:\/\/www.hh-development.eu\/cms\/#\/schema\/logo\/image\/"},"sameAs":["https:\/\/www.facebook.com\/HH-Development-Industrial-Software-Solutions-GmbH-106837180908857\/"]}]}},"_links":{"self":[{"href":"https:\/\/www.hh-development.eu\/cms\/wp-json\/wp\/v2\/pages\/113"}],"collection":[{"href":"https:\/\/www.hh-development.eu\/cms\/wp-json\/wp\/v2\/pages"}],"about":[{"href":"https:\/\/www.hh-development.eu\/cms\/wp-json\/wp\/v2\/types\/page"}],"author":[{"embeddable":true,"href":"https:\/\/www.hh-development.eu\/cms\/wp-json\/wp\/v2\/users\/1"}],"replies":[{"embeddable":true,"href":"https:\/\/www.hh-development.eu\/cms\/wp-json\/wp\/v2\/comments?post=113"}],"version-history":[{"count":20,"href":"https:\/\/www.hh-development.eu\/cms\/wp-json\/wp\/v2\/pages\/113\/revisions"}],"predecessor-version":[{"id":874,"href":"https:\/\/www.hh-development.eu\/cms\/wp-json\/wp\/v2\/pages\/113\/revisions\/874"}],"up":[{"embeddable":true,"href":"https:\/\/www.hh-development.eu\/cms\/wp-json\/wp\/v2\/pages\/47"}],"wp:attachment":[{"href":"https:\/\/www.hh-development.eu\/cms\/wp-json\/wp\/v2\/media?parent=113"}],"curies":[{"name":"wp","href":"https:\/\/api.w.org\/{rel}","templated":true}]}}