{"id":124,"date":"2016-06-21T11:17:51","date_gmt":"2016-06-21T09:17:51","guid":{"rendered":"http:\/\/www.hh-development.eu\/cms\/?page_id=124"},"modified":"2019-11-25T12:41:32","modified_gmt":"2019-11-25T10:41:32","slug":"standort-kontakt","status":"publish","type":"page","link":"https:\/\/www.hh-development.eu\/cms\/unternehmen\/standort-kontakt\/","title":{"rendered":"Standort \/ Kontakt"},"content":{"rendered":"<p><strong>H&amp;H Development<\/strong><br \/>\n<strong style=\"font-style: inherit;\">Industrial Software Solutions GmbH<\/strong><br \/>\nM\u00fchlen 20<br \/>\n8822 M\u00fchlen<br \/>\nAustria<\/p>\n<p style=\"text-align: justify;\"><span style=\"color: #656565;\">Telefon:\u00a0+43 3586 30054<\/span><br \/>\nE-Mail: <a href=\"mailto:support@fleet-eye.eu\">support@fleet-eye.eu<\/a><br \/>\nI<span style=\"color: #656565;\">nternet:\u00a0<a href=\"http:\/\/www.hh-development.eu\">http:\/\/www.hh-development.eu<\/a><\/span><\/p>\n<p><iframe loading=\"lazy\" style=\"border: 0;\" src=\"https:\/\/www.google.com\/maps\/embed?pb=!1m18!1m12!1m3!1d2719.4497982505827!2d14.505997516258716!3d47.031403935526065!2m3!1f0!2f0!3f0!3m2!1i1024!2i768!4f13.1!3m3!1m2!1s0x4770485160eef17b%3A0x9a83531316ade67f!2zTcO8aGxlbiAyMCwgODgyMiBNw7xobGVu!5e0!3m2!1sde!2sat!4v1574667888981!5m2!1sde!2sat\" width=\"600\" height=\"450\" frameborder=\"0\" allowfullscreen=\"allowfullscreen\"><\/iframe><\/p>\n<p>&nbsp;<\/p>","protected":false},"excerpt":{"rendered":"<p>H&amp;H Development Industrial Software Solutions GmbH M\u00fchlen 20 8822 M\u00fchlen Austria Telefon:\u00a0+43 3586 30054 E-Mail: support@fleet-eye.eu Internet:\u00a0http:\/\/www.hh-development.eu &nbsp;<\/p>\n","protected":false},"author":1,"featured_media":0,"parent":52,"menu_order":1,"comment_status":"closed","ping_status":"closed","template":"","meta":{"Layout":""},"yoast_head":"<!-- This site is optimized with the Yoast SEO plugin v19.14 - https:\/\/yoast.com\/wordpress\/plugins\/seo\/ -->\n<title>H&amp;H Softwareentwicklung - Neumarkt in der Steiermark - Partner Branchensoftware L\u00f6sungen<\/title>\n<meta name=\"description\" content=\"Softwareentwicklung in 8822 M\u00fchlen und in 8820 Neumarkt in der Steiermark, im Bezirk Murau. Kompetenter Partner f\u00fcr Branchensoftware L\u00f6sungen und Entwicklungen.\" \/>\n<meta name=\"robots\" content=\"index, follow, max-snippet:-1, max-image-preview:large, max-video-preview:-1\" \/>\n<link rel=\"canonical\" href=\"https:\/\/www.hh-development.eu\/cms\/unternehmen\/standort-kontakt\/\" \/>\n<meta property=\"og:locale\" content=\"de_DE\" \/>\n<meta property=\"og:type\" content=\"article\" \/>\n<meta property=\"og:title\" content=\"H&amp;H Softwareentwicklung - Neumarkt in der Steiermark - Partner Branchensoftware L\u00f6sungen\" \/>\n<meta property=\"og:description\" content=\"Softwareentwicklung in 8822 M\u00fchlen und in 8820 Neumarkt in der Steiermark, im Bezirk Murau. Kompetenter Partner f\u00fcr Branchensoftware L\u00f6sungen und Entwicklungen.\" \/>\n<meta property=\"og:url\" content=\"https:\/\/www.hh-development.eu\/cms\/unternehmen\/standort-kontakt\/\" \/>\n<meta property=\"article:publisher\" content=\"https:\/\/www.facebook.com\/HH-Development-Industrial-Software-Solutions-GmbH-106837180908857\/\" \/>\n<meta property=\"article:modified_time\" content=\"2019-11-25T10:41:32+00:00\" \/>\n<meta name=\"twitter:card\" content=\"summary_large_image\" \/>\n<script type=\"application\/ld+json\" class=\"yoast-schema-graph\">{\"@context\":\"https:\/\/schema.org\",\"@graph\":[{\"@type\":\"WebPage\",\"@id\":\"https:\/\/www.hh-development.eu\/cms\/unternehmen\/standort-kontakt\/\",\"url\":\"https:\/\/www.hh-development.eu\/cms\/unternehmen\/standort-kontakt\/\",\"name\":\"H&H Softwareentwicklung - Neumarkt in der Steiermark - Partner Branchensoftware L\u00f6sungen\",\"isPartOf\":{\"@id\":\"https:\/\/www.hh-development.eu\/cms\/#website\"},\"datePublished\":\"2016-06-21T09:17:51+00:00\",\"dateModified\":\"2019-11-25T10:41:32+00:00\",\"description\":\"Softwareentwicklung in 8822 M\u00fchlen und in 8820 Neumarkt in der Steiermark, im Bezirk Murau. Kompetenter Partner f\u00fcr Branchensoftware L\u00f6sungen und Entwicklungen.\",\"breadcrumb\":{\"@id\":\"https:\/\/www.hh-development.eu\/cms\/unternehmen\/standort-kontakt\/#breadcrumb\"},\"inLanguage\":\"de\",\"potentialAction\":[{\"@type\":\"ReadAction\",\"target\":[\"https:\/\/www.hh-development.eu\/cms\/unternehmen\/standort-kontakt\/\"]}]},{\"@type\":\"BreadcrumbList\",\"@id\":\"https:\/\/www.hh-development.eu\/cms\/unternehmen\/standort-kontakt\/#breadcrumb\",\"itemListElement\":[{\"@type\":\"ListItem\",\"position\":1,\"name\":\"Startseite\",\"item\":\"https:\/\/www.hh-development.eu\/cms\/\"},{\"@type\":\"ListItem\",\"position\":2,\"name\":\"Unternehmen\",\"item\":\"https:\/\/www.hh-development.eu\/cms\/\"},{\"@type\":\"ListItem\",\"position\":3,\"name\":\"Standort \/ Kontakt\"}]},{\"@type\":\"WebSite\",\"@id\":\"https:\/\/www.hh-development.eu\/cms\/#website\",\"url\":\"https:\/\/www.hh-development.eu\/cms\/\",\"name\":\"hh-development.eu\",\"description\":\"\",\"publisher\":{\"@id\":\"https:\/\/www.hh-development.eu\/cms\/#organization\"},\"potentialAction\":[{\"@type\":\"SearchAction\",\"target\":{\"@type\":\"EntryPoint\",\"urlTemplate\":\"https:\/\/www.hh-development.eu\/cms\/?s={search_term_string}\"},\"query-input\":\"required name=search_term_string\"}],\"inLanguage\":\"de\"},{\"@type\":\"Organization\",\"@id\":\"https:\/\/www.hh-development.eu\/cms\/#organization\",\"name\":\"H&H Development Industrial Software Solutions GmbH\",\"url\":\"https:\/\/www.hh-development.eu\/cms\/\",\"logo\":{\"@type\":\"ImageObject\",\"inLanguage\":\"de\",\"@id\":\"https:\/\/www.hh-development.eu\/cms\/#\/schema\/logo\/image\/\",\"url\":\"https:\/\/www.hh-development.eu\/cms\/wp-content\/uploads\/2016\/07\/Logo_neu2-1.png\",\"contentUrl\":\"https:\/\/www.hh-development.eu\/cms\/wp-content\/uploads\/2016\/07\/Logo_neu2-1.png\",\"width\":869,\"height\":256,\"caption\":\"H&H Development Industrial Software Solutions GmbH\"},\"image\":{\"@id\":\"https:\/\/www.hh-development.eu\/cms\/#\/schema\/logo\/image\/\"},\"sameAs\":[\"https:\/\/www.facebook.com\/HH-Development-Industrial-Software-Solutions-GmbH-106837180908857\/\"]}]}<\/script>\n<!-- \/ Yoast SEO plugin. -->","yoast_head_json":{"title":"H&H Softwareentwicklung - Neumarkt in der Steiermark - Partner Branchensoftware L\u00f6sungen","description":"Softwareentwicklung in 8822 M\u00fchlen und in 8820 Neumarkt in der Steiermark, im Bezirk Murau. Kompetenter Partner f\u00fcr Branchensoftware L\u00f6sungen und Entwicklungen.","robots":{"index":"index","follow":"follow","max-snippet":"max-snippet:-1","max-image-preview":"max-image-preview:large","max-video-preview":"max-video-preview:-1"},"canonical":"https:\/\/www.hh-development.eu\/cms\/unternehmen\/standort-kontakt\/","og_locale":"de_DE","og_type":"article","og_title":"H&H Softwareentwicklung - Neumarkt in der Steiermark - Partner Branchensoftware L\u00f6sungen","og_description":"Softwareentwicklung in 8822 M\u00fchlen und in 8820 Neumarkt in der Steiermark, im Bezirk Murau. Kompetenter Partner f\u00fcr Branchensoftware L\u00f6sungen und Entwicklungen.","og_url":"https:\/\/www.hh-development.eu\/cms\/unternehmen\/standort-kontakt\/","article_publisher":"https:\/\/www.facebook.com\/HH-Development-Industrial-Software-Solutions-GmbH-106837180908857\/","article_modified_time":"2019-11-25T10:41:32+00:00","twitter_card":"summary_large_image","schema":{"@context":"https:\/\/schema.org","@graph":[{"@type":"WebPage","@id":"https:\/\/www.hh-development.eu\/cms\/unternehmen\/standort-kontakt\/","url":"https:\/\/www.hh-development.eu\/cms\/unternehmen\/standort-kontakt\/","name":"H&H Softwareentwicklung - Neumarkt in der Steiermark - Partner Branchensoftware L\u00f6sungen","isPartOf":{"@id":"https:\/\/www.hh-development.eu\/cms\/#website"},"datePublished":"2016-06-21T09:17:51+00:00","dateModified":"2019-11-25T10:41:32+00:00","description":"Softwareentwicklung in 8822 M\u00fchlen und in 8820 Neumarkt in der Steiermark, im Bezirk Murau. Kompetenter Partner f\u00fcr Branchensoftware L\u00f6sungen und Entwicklungen.","breadcrumb":{"@id":"https:\/\/www.hh-development.eu\/cms\/unternehmen\/standort-kontakt\/#breadcrumb"},"inLanguage":"de","potentialAction":[{"@type":"ReadAction","target":["https:\/\/www.hh-development.eu\/cms\/unternehmen\/standort-kontakt\/"]}]},{"@type":"BreadcrumbList","@id":"https:\/\/www.hh-development.eu\/cms\/unternehmen\/standort-kontakt\/#breadcrumb","itemListElement":[{"@type":"ListItem","position":1,"name":"Startseite","item":"https:\/\/www.hh-development.eu\/cms\/"},{"@type":"ListItem","position":2,"name":"Unternehmen","item":"https:\/\/www.hh-development.eu\/cms\/"},{"@type":"ListItem","position":3,"name":"Standort \/ Kontakt"}]},{"@type":"WebSite","@id":"https:\/\/www.hh-development.eu\/cms\/#website","url":"https:\/\/www.hh-development.eu\/cms\/","name":"hh-development.eu","description":"","publisher":{"@id":"https:\/\/www.hh-development.eu\/cms\/#organization"},"potentialAction":[{"@type":"SearchAction","target":{"@type":"EntryPoint","urlTemplate":"https:\/\/www.hh-development.eu\/cms\/?s={search_term_string}"},"query-input":"required name=search_term_string"}],"inLanguage":"de"},{"@type":"Organization","@id":"https:\/\/www.hh-development.eu\/cms\/#organization","name":"H&H Development Industrial Software Solutions GmbH","url":"https:\/\/www.hh-development.eu\/cms\/","logo":{"@type":"ImageObject","inLanguage":"de","@id":"https:\/\/www.hh-development.eu\/cms\/#\/schema\/logo\/image\/","url":"https:\/\/www.hh-development.eu\/cms\/wp-content\/uploads\/2016\/07\/Logo_neu2-1.png","contentUrl":"https:\/\/www.hh-development.eu\/cms\/wp-content\/uploads\/2016\/07\/Logo_neu2-1.png","width":869,"height":256,"caption":"H&H Development Industrial Software Solutions GmbH"},"image":{"@id":"https:\/\/www.hh-development.eu\/cms\/#\/schema\/logo\/image\/"},"sameAs":["https:\/\/www.facebook.com\/HH-Development-Industrial-Software-Solutions-GmbH-106837180908857\/"]}]}},"_links":{"self":[{"href":"https:\/\/www.hh-development.eu\/cms\/wp-json\/wp\/v2\/pages\/124"}],"collection":[{"href":"https:\/\/www.hh-development.eu\/cms\/wp-json\/wp\/v2\/pages"}],"about":[{"href":"https:\/\/www.hh-development.eu\/cms\/wp-json\/wp\/v2\/types\/page"}],"author":[{"embeddable":true,"href":"https:\/\/www.hh-development.eu\/cms\/wp-json\/wp\/v2\/users\/1"}],"replies":[{"embeddable":true,"href":"https:\/\/www.hh-development.eu\/cms\/wp-json\/wp\/v2\/comments?post=124"}],"version-history":[{"count":51,"href":"https:\/\/www.hh-development.eu\/cms\/wp-json\/wp\/v2\/pages\/124\/revisions"}],"predecessor-version":[{"id":1223,"href":"https:\/\/www.hh-development.eu\/cms\/wp-json\/wp\/v2\/pages\/124\/revisions\/1223"}],"up":[{"embeddable":true,"href":"https:\/\/www.hh-development.eu\/cms\/wp-json\/wp\/v2\/pages\/52"}],"wp:attachment":[{"href":"https:\/\/www.hh-development.eu\/cms\/wp-json\/wp\/v2\/media?parent=124"}],"curies":[{"name":"wp","href":"https:\/\/api.w.org\/{rel}","templated":true}]}}