{"id":249,"date":"2016-06-28T11:52:41","date_gmt":"2016-06-28T09:52:41","guid":{"rendered":"http:\/\/www.hh-development.eu\/cms\/?page_id=249"},"modified":"2019-11-25T10:39:27","modified_gmt":"2019-11-25T08:39:27","slug":"fleet-eye","status":"publish","type":"page","link":"https:\/\/www.hh-development.eu\/cms\/produkte\/fleet-eye\/","title":{"rendered":"Fleet-Eye"},"content":{"rendered":"<p><\/p>\n<p style=\"text-align: justify;\">Fleet-Eye ist eine modular aufgebaute Software Plattform, die sich durch \u00fcbersichtliche, einfache und benutzerfreundliche Bedienung auszeichnet.<\/p>\n<p style=\"text-align: justify;\">Die Software besteht aus Einzelmodulen, die durch ihre Kombinationsm\u00f6glichkeiten unseren Kunden mit ihren verschiedensten Anforderungen optimale Unterst\u00fctzung bieten.<a href=\"http:\/\/www.hh-development.eu\/cms\/wp-content\/uploads\/2016\/06\/2016-12-13-10_40_09-Produkte2-Word.png\"><br \/>\n<\/a><\/p>\n<p><a href=\"http:\/\/www.hh-development.eu\/cms\/wp-content\/uploads\/2016\/06\/Modul\u00fcbersicht-Window.png\"><img decoding=\"async\" loading=\"lazy\" class=\"size-full wp-image-1207 alignleft\" src=\"http:\/\/www.hh-development.eu\/cms\/wp-content\/uploads\/2016\/06\/Modul\u00fcbersicht-Window.png\" alt=\"\" width=\"617\" height=\"614\" srcset=\"https:\/\/www.hh-development.eu\/cms\/wp-content\/uploads\/2016\/06\/Modul\u00fcbersicht-Window.png 617w, https:\/\/www.hh-development.eu\/cms\/wp-content\/uploads\/2016\/06\/Modul\u00fcbersicht-Window-150x150.png 150w, https:\/\/www.hh-development.eu\/cms\/wp-content\/uploads\/2016\/06\/Modul\u00fcbersicht-Window-300x300.png 300w, https:\/\/www.hh-development.eu\/cms\/wp-content\/uploads\/2016\/06\/Modul\u00fcbersicht-Window-502x500.png 502w\" sizes=\"(max-width: 617px) 100vw, 617px\" \/><\/a><\/p>\n<p style=\"text-align: justify;\">Die Planung und Struktur der Speditionssoftware orientiert sich an Ihren Gesamtprozessen, die in Einzelprozesse zerlegt werden. Diese Einzelprozesse wiederum bilden die Grundlage f\u00fcr die Definition der n\u00f6tigen Module.<\/p>\n<p style=\"text-align: justify;\">Dieser modulare Aufbau erm\u00f6glicht es, eine einfache und damit kosteng\u00fcnstige Integration im laufenden Betrieb zu erreichen. Vor allem ist es so m\u00f6glich, dass nur die Softwaremodule enthalten sind, die tats\u00e4chlich ben\u00f6tigt werden.<\/p>\n<p style=\"text-align: justify;\">Auch Schnittstellen zu externen Systemen sind wichtig und gewinnen zunehmend an Bedeutung als ein m\u00f6gliches Ihrer Optimierungspotenziale. So k\u00f6nnen z.B. Auftr\u00e4ge aus ERP-Systemen einflie\u00dfen oder Telematikanbieter\u00a0die Status und Ortungen aus den Fahrzeugen direkt \u00fcbermitteln.<\/p>\n<p>&nbsp;<\/p>","protected":false},"excerpt":{"rendered":"<p>Fleet-Eye ist eine modular aufgebaute Software Plattform, die sich durch \u00fcbersichtliche, einfache und benutzerfreundliche Bedienung auszeichnet. Die Software besteht aus Einzelmodulen, die durch ihre Kombinationsm\u00f6glichkeiten unseren Kunden mit ihren verschiedensten <a href=\"https:\/\/www.hh-development.eu\/cms\/produkte\/fleet-eye\/\" class=\"more-link\">[&hellip;]<\/a><\/p>\n","protected":false},"author":1,"featured_media":0,"parent":18,"menu_order":0,"comment_status":"closed","ping_status":"closed","template":"","meta":{"Layout":""},"yoast_head":"<!-- This site is optimized with the Yoast SEO plugin v19.14 - https:\/\/yoast.com\/wordpress\/plugins\/seo\/ -->\n<title>Fleet-Eye |<\/title>\n<meta name=\"robots\" content=\"index, follow, max-snippet:-1, max-image-preview:large, max-video-preview:-1\" \/>\n<link rel=\"canonical\" href=\"https:\/\/www.hh-development.eu\/cms\/produkte\/fleet-eye\/\" \/>\n<meta property=\"og:locale\" content=\"de_DE\" \/>\n<meta property=\"og:type\" content=\"article\" \/>\n<meta property=\"og:title\" content=\"Fleet-Eye |\" \/>\n<meta property=\"og:description\" content=\"Fleet-Eye ist eine modular aufgebaute Software Plattform, die sich durch \u00fcbersichtliche, einfache und benutzerfreundliche Bedienung auszeichnet. Die Software besteht aus Einzelmodulen, die durch ihre Kombinationsm\u00f6glichkeiten unseren Kunden mit ihren verschiedensten [&hellip;]\" \/>\n<meta property=\"og:url\" content=\"https:\/\/www.hh-development.eu\/cms\/produkte\/fleet-eye\/\" \/>\n<meta property=\"article:publisher\" content=\"https:\/\/www.facebook.com\/HH-Development-Industrial-Software-Solutions-GmbH-106837180908857\/\" \/>\n<meta property=\"article:modified_time\" content=\"2019-11-25T08:39:27+00:00\" \/>\n<meta name=\"twitter:card\" content=\"summary_large_image\" \/>\n<meta name=\"twitter:label1\" content=\"Gesch\u00e4tzte Lesezeit\" \/>\n\t<meta name=\"twitter:data1\" content=\"1\u00a0Minute\" \/>\n<script type=\"application\/ld+json\" class=\"yoast-schema-graph\">{\"@context\":\"https:\/\/schema.org\",\"@graph\":[{\"@type\":\"WebPage\",\"@id\":\"https:\/\/www.hh-development.eu\/cms\/produkte\/fleet-eye\/\",\"url\":\"https:\/\/www.hh-development.eu\/cms\/produkte\/fleet-eye\/\",\"name\":\"Fleet-Eye |\",\"isPartOf\":{\"@id\":\"https:\/\/www.hh-development.eu\/cms\/#website\"},\"datePublished\":\"2016-06-28T09:52:41+00:00\",\"dateModified\":\"2019-11-25T08:39:27+00:00\",\"breadcrumb\":{\"@id\":\"https:\/\/www.hh-development.eu\/cms\/produkte\/fleet-eye\/#breadcrumb\"},\"inLanguage\":\"de\",\"potentialAction\":[{\"@type\":\"ReadAction\",\"target\":[\"https:\/\/www.hh-development.eu\/cms\/produkte\/fleet-eye\/\"]}]},{\"@type\":\"BreadcrumbList\",\"@id\":\"https:\/\/www.hh-development.eu\/cms\/produkte\/fleet-eye\/#breadcrumb\",\"itemListElement\":[{\"@type\":\"ListItem\",\"position\":1,\"name\":\"Startseite\",\"item\":\"https:\/\/www.hh-development.eu\/cms\/\"},{\"@type\":\"ListItem\",\"position\":2,\"name\":\"Produkte\",\"item\":\"https:\/\/www.hh-development.eu\/cms\/produkte\/\"},{\"@type\":\"ListItem\",\"position\":3,\"name\":\"Fleet-Eye\"}]},{\"@type\":\"WebSite\",\"@id\":\"https:\/\/www.hh-development.eu\/cms\/#website\",\"url\":\"https:\/\/www.hh-development.eu\/cms\/\",\"name\":\"hh-development.eu\",\"description\":\"\",\"publisher\":{\"@id\":\"https:\/\/www.hh-development.eu\/cms\/#organization\"},\"potentialAction\":[{\"@type\":\"SearchAction\",\"target\":{\"@type\":\"EntryPoint\",\"urlTemplate\":\"https:\/\/www.hh-development.eu\/cms\/?s={search_term_string}\"},\"query-input\":\"required name=search_term_string\"}],\"inLanguage\":\"de\"},{\"@type\":\"Organization\",\"@id\":\"https:\/\/www.hh-development.eu\/cms\/#organization\",\"name\":\"H&H Development Industrial Software Solutions GmbH\",\"url\":\"https:\/\/www.hh-development.eu\/cms\/\",\"logo\":{\"@type\":\"ImageObject\",\"inLanguage\":\"de\",\"@id\":\"https:\/\/www.hh-development.eu\/cms\/#\/schema\/logo\/image\/\",\"url\":\"https:\/\/www.hh-development.eu\/cms\/wp-content\/uploads\/2016\/07\/Logo_neu2-1.png\",\"contentUrl\":\"https:\/\/www.hh-development.eu\/cms\/wp-content\/uploads\/2016\/07\/Logo_neu2-1.png\",\"width\":869,\"height\":256,\"caption\":\"H&H Development Industrial Software Solutions GmbH\"},\"image\":{\"@id\":\"https:\/\/www.hh-development.eu\/cms\/#\/schema\/logo\/image\/\"},\"sameAs\":[\"https:\/\/www.facebook.com\/HH-Development-Industrial-Software-Solutions-GmbH-106837180908857\/\"]}]}<\/script>\n<!-- \/ Yoast SEO plugin. -->","yoast_head_json":{"title":"Fleet-Eye |","robots":{"index":"index","follow":"follow","max-snippet":"max-snippet:-1","max-image-preview":"max-image-preview:large","max-video-preview":"max-video-preview:-1"},"canonical":"https:\/\/www.hh-development.eu\/cms\/produkte\/fleet-eye\/","og_locale":"de_DE","og_type":"article","og_title":"Fleet-Eye |","og_description":"Fleet-Eye ist eine modular aufgebaute Software Plattform, die sich durch \u00fcbersichtliche, einfache und benutzerfreundliche Bedienung auszeichnet. Die Software besteht aus Einzelmodulen, die durch ihre Kombinationsm\u00f6glichkeiten unseren Kunden mit ihren verschiedensten [&hellip;]","og_url":"https:\/\/www.hh-development.eu\/cms\/produkte\/fleet-eye\/","article_publisher":"https:\/\/www.facebook.com\/HH-Development-Industrial-Software-Solutions-GmbH-106837180908857\/","article_modified_time":"2019-11-25T08:39:27+00:00","twitter_card":"summary_large_image","twitter_misc":{"Gesch\u00e4tzte Lesezeit":"1\u00a0Minute"},"schema":{"@context":"https:\/\/schema.org","@graph":[{"@type":"WebPage","@id":"https:\/\/www.hh-development.eu\/cms\/produkte\/fleet-eye\/","url":"https:\/\/www.hh-development.eu\/cms\/produkte\/fleet-eye\/","name":"Fleet-Eye |","isPartOf":{"@id":"https:\/\/www.hh-development.eu\/cms\/#website"},"datePublished":"2016-06-28T09:52:41+00:00","dateModified":"2019-11-25T08:39:27+00:00","breadcrumb":{"@id":"https:\/\/www.hh-development.eu\/cms\/produkte\/fleet-eye\/#breadcrumb"},"inLanguage":"de","potentialAction":[{"@type":"ReadAction","target":["https:\/\/www.hh-development.eu\/cms\/produkte\/fleet-eye\/"]}]},{"@type":"BreadcrumbList","@id":"https:\/\/www.hh-development.eu\/cms\/produkte\/fleet-eye\/#breadcrumb","itemListElement":[{"@type":"ListItem","position":1,"name":"Startseite","item":"https:\/\/www.hh-development.eu\/cms\/"},{"@type":"ListItem","position":2,"name":"Produkte","item":"https:\/\/www.hh-development.eu\/cms\/produkte\/"},{"@type":"ListItem","position":3,"name":"Fleet-Eye"}]},{"@type":"WebSite","@id":"https:\/\/www.hh-development.eu\/cms\/#website","url":"https:\/\/www.hh-development.eu\/cms\/","name":"hh-development.eu","description":"","publisher":{"@id":"https:\/\/www.hh-development.eu\/cms\/#organization"},"potentialAction":[{"@type":"SearchAction","target":{"@type":"EntryPoint","urlTemplate":"https:\/\/www.hh-development.eu\/cms\/?s={search_term_string}"},"query-input":"required name=search_term_string"}],"inLanguage":"de"},{"@type":"Organization","@id":"https:\/\/www.hh-development.eu\/cms\/#organization","name":"H&H Development Industrial Software Solutions GmbH","url":"https:\/\/www.hh-development.eu\/cms\/","logo":{"@type":"ImageObject","inLanguage":"de","@id":"https:\/\/www.hh-development.eu\/cms\/#\/schema\/logo\/image\/","url":"https:\/\/www.hh-development.eu\/cms\/wp-content\/uploads\/2016\/07\/Logo_neu2-1.png","contentUrl":"https:\/\/www.hh-development.eu\/cms\/wp-content\/uploads\/2016\/07\/Logo_neu2-1.png","width":869,"height":256,"caption":"H&H Development Industrial Software Solutions GmbH"},"image":{"@id":"https:\/\/www.hh-development.eu\/cms\/#\/schema\/logo\/image\/"},"sameAs":["https:\/\/www.facebook.com\/HH-Development-Industrial-Software-Solutions-GmbH-106837180908857\/"]}]}},"_links":{"self":[{"href":"https:\/\/www.hh-development.eu\/cms\/wp-json\/wp\/v2\/pages\/249"}],"collection":[{"href":"https:\/\/www.hh-development.eu\/cms\/wp-json\/wp\/v2\/pages"}],"about":[{"href":"https:\/\/www.hh-development.eu\/cms\/wp-json\/wp\/v2\/types\/page"}],"author":[{"embeddable":true,"href":"https:\/\/www.hh-development.eu\/cms\/wp-json\/wp\/v2\/users\/1"}],"replies":[{"embeddable":true,"href":"https:\/\/www.hh-development.eu\/cms\/wp-json\/wp\/v2\/comments?post=249"}],"version-history":[{"count":38,"href":"https:\/\/www.hh-development.eu\/cms\/wp-json\/wp\/v2\/pages\/249\/revisions"}],"predecessor-version":[{"id":1208,"href":"https:\/\/www.hh-development.eu\/cms\/wp-json\/wp\/v2\/pages\/249\/revisions\/1208"}],"up":[{"embeddable":true,"href":"https:\/\/www.hh-development.eu\/cms\/wp-json\/wp\/v2\/pages\/18"}],"wp:attachment":[{"href":"https:\/\/www.hh-development.eu\/cms\/wp-json\/wp\/v2\/media?parent=249"}],"curies":[{"name":"wp","href":"https:\/\/api.w.org\/{rel}","templated":true}]}}