{"id":259,"date":"2016-06-29T10:54:19","date_gmt":"2016-06-29T08:54:19","guid":{"rendered":"http:\/\/www.hh-development.eu\/cms\/?page_id=259"},"modified":"2017-01-16T11:48:14","modified_gmt":"2017-01-16T09:48:14","slug":"tank-mautdaten","status":"publish","type":"page","link":"https:\/\/www.hh-development.eu\/cms\/produkte\/fleet-eye\/tank-mautdaten\/","title":{"rendered":"Tank- &#038; Mautdaten"},"content":{"rendered":"<p><\/p>\n<p style=\"text-align: justify;\">Die Treibstoffkosten zu analysieren und zu kontrollieren ist ein wesentlicher Faktor geworden.\u00a0Das Modul <strong>Tank- &amp; Mautdaten <\/strong>dient der Analyse und Kontrolle der Tankdaten\u00a0und der Mautabrechnungen\u00a0von verschiedenen Betreibern in Kombination mit Telematik- und Tachodaten.<\/p>\n<p style=\"text-align: justify;\">Funktionsumfang:<a href=\"http:\/\/www.hh-development.eu\/cms\/wp-content\/uploads\/2016\/06\/2016-07-01-11_23_19-FLEET-EYE-Report-Maut.png\" target=\"_blank\"><img decoding=\"async\" loading=\"lazy\" class=\"alignright wp-image-314\" title=\"Report Maut\" src=\"http:\/\/www.hh-development.eu\/cms\/wp-content\/uploads\/2016\/06\/2016-07-01-11_23_19-FLEET-EYE-Report-Maut-300x177.png\" alt=\"Report Maut\" width=\"413\" height=\"244\" srcset=\"https:\/\/www.hh-development.eu\/cms\/wp-content\/uploads\/2016\/06\/2016-07-01-11_23_19-FLEET-EYE-Report-Maut-300x177.png 300w, https:\/\/www.hh-development.eu\/cms\/wp-content\/uploads\/2016\/06\/2016-07-01-11_23_19-FLEET-EYE-Report-Maut-768x454.png 768w, https:\/\/www.hh-development.eu\/cms\/wp-content\/uploads\/2016\/06\/2016-07-01-11_23_19-FLEET-EYE-Report-Maut-1024x605.png 1024w, https:\/\/www.hh-development.eu\/cms\/wp-content\/uploads\/2016\/06\/2016-07-01-11_23_19-FLEET-EYE-Report-Maut-350x207.png 350w, https:\/\/www.hh-development.eu\/cms\/wp-content\/uploads\/2016\/06\/2016-07-01-11_23_19-FLEET-EYE-Report-Maut.png 1071w\" sizes=\"(max-width: 413px) 100vw, 413px\" \/><\/a><\/p>\n<ul style=\"text-align: justify;\">\n<li><strong>Datenimport<\/strong><\/li>\n<li><strong>Reports &#8211; Maut Einzelleistungsnachweise<\/strong><\/li>\n<li><strong>Reports &#8211; nach Betreiber \/ L\u00e4nder \/ LKW<\/strong><\/li>\n<li><strong>Reports &#8211; Verbrauch Fahrer \/ Zugmaschinen \/ Auflieger<\/strong><\/li>\n<\/ul>\n<p style=\"text-align: justify;\">Der Datenimport\u00a0erfolgt in einem separaten Modul, welches automatisiert am Server l\u00e4uft oder bei Bedarf manuell vom jeweiligen Systembenutzer ausgef\u00fchrt werden kann. Die importierten Daten k\u00f6nnen dann im Detail aufgelistet und kontrolliert werden.<\/p>\n<p>Eine Auflistung der Einzelleistungsnachweise der unterschiedlichen Mautbetreiber erfolgt (TollCollect, Europass,\u2026) in Monatssummen, Tagessummen und Detailinformationen.<a href=\"http:\/\/www.hh-development.eu\/cms\/wp-content\/uploads\/2016\/06\/Tankmodul-Verbrauch-Fahrer-pro-Monat-neu.png\" target=\"_blank\"><img decoding=\"async\" loading=\"lazy\" class=\"alignright wp-image-961\" title=\"Tankmodul Verbrauch Fahrer pro Monat\" src=\"http:\/\/www.hh-development.eu\/cms\/wp-content\/uploads\/2016\/06\/Tankmodul-Verbrauch-Fahrer-pro-Monat-neu-300x238.png\" alt=\"Tankmodul Verbrauch Fahrer pro Monat\" width=\"413\" height=\"328\" srcset=\"https:\/\/www.hh-development.eu\/cms\/wp-content\/uploads\/2016\/06\/Tankmodul-Verbrauch-Fahrer-pro-Monat-neu-300x238.png 300w, https:\/\/www.hh-development.eu\/cms\/wp-content\/uploads\/2016\/06\/Tankmodul-Verbrauch-Fahrer-pro-Monat-neu-768x608.png 768w, https:\/\/www.hh-development.eu\/cms\/wp-content\/uploads\/2016\/06\/Tankmodul-Verbrauch-Fahrer-pro-Monat-neu-1024x811.png 1024w, https:\/\/www.hh-development.eu\/cms\/wp-content\/uploads\/2016\/06\/Tankmodul-Verbrauch-Fahrer-pro-Monat-neu-632x500.png 632w, https:\/\/www.hh-development.eu\/cms\/wp-content\/uploads\/2016\/06\/Tankmodul-Verbrauch-Fahrer-pro-Monat-neu.png 1109w\" sizes=\"(max-width: 413px) 100vw, 413px\" \/><\/a><\/p>\n<p style=\"text-align: justify;\">Die Auflistung des Verbrauches\u00a0pro Fahrer und Abteilung in einem definierten Zeitraum, die grafische Darstellung der monatlichen Durchschnittsverbr\u00e4uche und daraus resultierend eine Punktevergabe f\u00fcr ein Pr\u00e4miensystem ist m\u00f6glich.<\/p>\n<p>Jeder Bericht hat eine definierte Exportm\u00f6glichkeit nach Excel\u00a0und Ascii, sodass diese Daten auch anderen Modulen zur Verf\u00fcgung gestellt werden k\u00f6nnen.<\/p>","protected":false},"excerpt":{"rendered":"<p>Die Treibstoffkosten zu analysieren und zu kontrollieren ist ein wesentlicher Faktor geworden.\u00a0Das Modul Tank- &amp; Mautdaten dient der Analyse und Kontrolle der Tankdaten\u00a0und der Mautabrechnungen\u00a0von verschiedenen Betreibern in Kombination mit <a href=\"https:\/\/www.hh-development.eu\/cms\/produkte\/fleet-eye\/tank-mautdaten\/\" class=\"more-link\">[&hellip;]<\/a><\/p>\n","protected":false},"author":1,"featured_media":0,"parent":249,"menu_order":1,"comment_status":"closed","ping_status":"closed","template":"","meta":{"Layout":""},"yoast_head":"<!-- This site is optimized with the Yoast SEO plugin v19.14 - https:\/\/yoast.com\/wordpress\/plugins\/seo\/ -->\n<title>Software Tankdaten &amp; Mautdaten - Telematik - Tachodaten - Betreiber<\/title>\n<meta name=\"description\" content=\"Das Softwaremodul Tankdaten &amp; Mautdaten dient der Analyse und Kontrolle der Tankdaten und der Mautabrechnungen verschiedener Betreiber in Kombination mit Telematik- und Tachodaten.\" \/>\n<meta name=\"robots\" content=\"index, follow, max-snippet:-1, max-image-preview:large, max-video-preview:-1\" \/>\n<link rel=\"canonical\" href=\"https:\/\/www.hh-development.eu\/cms\/produkte\/fleet-eye\/tank-mautdaten\/\" \/>\n<meta property=\"og:locale\" content=\"de_DE\" \/>\n<meta property=\"og:type\" content=\"article\" \/>\n<meta property=\"og:title\" content=\"Software Tankdaten &amp; Mautdaten - Telematik - Tachodaten - Betreiber\" \/>\n<meta property=\"og:description\" content=\"Das Softwaremodul Tankdaten &amp; Mautdaten dient der Analyse und Kontrolle der Tankdaten und der Mautabrechnungen verschiedener Betreiber in Kombination mit Telematik- und Tachodaten.\" \/>\n<meta property=\"og:url\" content=\"https:\/\/www.hh-development.eu\/cms\/produkte\/fleet-eye\/tank-mautdaten\/\" \/>\n<meta property=\"article:publisher\" content=\"https:\/\/www.facebook.com\/HH-Development-Industrial-Software-Solutions-GmbH-106837180908857\/\" \/>\n<meta property=\"article:modified_time\" content=\"2017-01-16T09:48:14+00:00\" \/>\n<meta property=\"og:image\" content=\"http:\/\/www.hh-development.eu\/cms\/wp-content\/uploads\/2016\/06\/2016-07-01-11_23_19-FLEET-EYE-Report-Maut-300x177.png\" \/>\n<meta name=\"twitter:card\" content=\"summary_large_image\" \/>\n<meta name=\"twitter:label1\" content=\"Gesch\u00e4tzte Lesezeit\" \/>\n\t<meta name=\"twitter:data1\" content=\"2\u00a0Minuten\" \/>\n<script type=\"application\/ld+json\" class=\"yoast-schema-graph\">{\"@context\":\"https:\/\/schema.org\",\"@graph\":[{\"@type\":\"WebPage\",\"@id\":\"https:\/\/www.hh-development.eu\/cms\/produkte\/fleet-eye\/tank-mautdaten\/\",\"url\":\"https:\/\/www.hh-development.eu\/cms\/produkte\/fleet-eye\/tank-mautdaten\/\",\"name\":\"Software Tankdaten & Mautdaten - Telematik - Tachodaten - Betreiber\",\"isPartOf\":{\"@id\":\"https:\/\/www.hh-development.eu\/cms\/#website\"},\"datePublished\":\"2016-06-29T08:54:19+00:00\",\"dateModified\":\"2017-01-16T09:48:14+00:00\",\"description\":\"Das Softwaremodul Tankdaten & Mautdaten dient der Analyse und Kontrolle der Tankdaten und der Mautabrechnungen verschiedener Betreiber in Kombination mit Telematik- und Tachodaten.\",\"breadcrumb\":{\"@id\":\"https:\/\/www.hh-development.eu\/cms\/produkte\/fleet-eye\/tank-mautdaten\/#breadcrumb\"},\"inLanguage\":\"de\",\"potentialAction\":[{\"@type\":\"ReadAction\",\"target\":[\"https:\/\/www.hh-development.eu\/cms\/produkte\/fleet-eye\/tank-mautdaten\/\"]}]},{\"@type\":\"BreadcrumbList\",\"@id\":\"https:\/\/www.hh-development.eu\/cms\/produkte\/fleet-eye\/tank-mautdaten\/#breadcrumb\",\"itemListElement\":[{\"@type\":\"ListItem\",\"position\":1,\"name\":\"Startseite\",\"item\":\"https:\/\/www.hh-development.eu\/cms\/\"},{\"@type\":\"ListItem\",\"position\":2,\"name\":\"Produkte\",\"item\":\"https:\/\/www.hh-development.eu\/cms\/produkte\/\"},{\"@type\":\"ListItem\",\"position\":3,\"name\":\"Fleet-Eye\",\"item\":\"https:\/\/www.hh-development.eu\/cms\/produkte\/fleet-eye\/\"},{\"@type\":\"ListItem\",\"position\":4,\"name\":\"Tank- &#038; Mautdaten\"}]},{\"@type\":\"WebSite\",\"@id\":\"https:\/\/www.hh-development.eu\/cms\/#website\",\"url\":\"https:\/\/www.hh-development.eu\/cms\/\",\"name\":\"hh-development.eu\",\"description\":\"\",\"publisher\":{\"@id\":\"https:\/\/www.hh-development.eu\/cms\/#organization\"},\"potentialAction\":[{\"@type\":\"SearchAction\",\"target\":{\"@type\":\"EntryPoint\",\"urlTemplate\":\"https:\/\/www.hh-development.eu\/cms\/?s={search_term_string}\"},\"query-input\":\"required name=search_term_string\"}],\"inLanguage\":\"de\"},{\"@type\":\"Organization\",\"@id\":\"https:\/\/www.hh-development.eu\/cms\/#organization\",\"name\":\"H&H Development Industrial Software Solutions GmbH\",\"url\":\"https:\/\/www.hh-development.eu\/cms\/\",\"logo\":{\"@type\":\"ImageObject\",\"inLanguage\":\"de\",\"@id\":\"https:\/\/www.hh-development.eu\/cms\/#\/schema\/logo\/image\/\",\"url\":\"https:\/\/www.hh-development.eu\/cms\/wp-content\/uploads\/2016\/07\/Logo_neu2-1.png\",\"contentUrl\":\"https:\/\/www.hh-development.eu\/cms\/wp-content\/uploads\/2016\/07\/Logo_neu2-1.png\",\"width\":869,\"height\":256,\"caption\":\"H&H Development Industrial Software Solutions GmbH\"},\"image\":{\"@id\":\"https:\/\/www.hh-development.eu\/cms\/#\/schema\/logo\/image\/\"},\"sameAs\":[\"https:\/\/www.facebook.com\/HH-Development-Industrial-Software-Solutions-GmbH-106837180908857\/\"]}]}<\/script>\n<!-- \/ Yoast SEO plugin. -->","yoast_head_json":{"title":"Software Tankdaten & Mautdaten - Telematik - Tachodaten - Betreiber","description":"Das Softwaremodul Tankdaten & Mautdaten dient der Analyse und Kontrolle der Tankdaten und der Mautabrechnungen verschiedener Betreiber in Kombination mit Telematik- und Tachodaten.","robots":{"index":"index","follow":"follow","max-snippet":"max-snippet:-1","max-image-preview":"max-image-preview:large","max-video-preview":"max-video-preview:-1"},"canonical":"https:\/\/www.hh-development.eu\/cms\/produkte\/fleet-eye\/tank-mautdaten\/","og_locale":"de_DE","og_type":"article","og_title":"Software Tankdaten & Mautdaten - Telematik - Tachodaten - Betreiber","og_description":"Das Softwaremodul Tankdaten & Mautdaten dient der Analyse und Kontrolle der Tankdaten und der Mautabrechnungen verschiedener Betreiber in Kombination mit Telematik- und Tachodaten.","og_url":"https:\/\/www.hh-development.eu\/cms\/produkte\/fleet-eye\/tank-mautdaten\/","article_publisher":"https:\/\/www.facebook.com\/HH-Development-Industrial-Software-Solutions-GmbH-106837180908857\/","article_modified_time":"2017-01-16T09:48:14+00:00","og_image":[{"url":"http:\/\/www.hh-development.eu\/cms\/wp-content\/uploads\/2016\/06\/2016-07-01-11_23_19-FLEET-EYE-Report-Maut-300x177.png"}],"twitter_card":"summary_large_image","twitter_misc":{"Gesch\u00e4tzte Lesezeit":"2\u00a0Minuten"},"schema":{"@context":"https:\/\/schema.org","@graph":[{"@type":"WebPage","@id":"https:\/\/www.hh-development.eu\/cms\/produkte\/fleet-eye\/tank-mautdaten\/","url":"https:\/\/www.hh-development.eu\/cms\/produkte\/fleet-eye\/tank-mautdaten\/","name":"Software Tankdaten & Mautdaten - Telematik - Tachodaten - Betreiber","isPartOf":{"@id":"https:\/\/www.hh-development.eu\/cms\/#website"},"datePublished":"2016-06-29T08:54:19+00:00","dateModified":"2017-01-16T09:48:14+00:00","description":"Das Softwaremodul Tankdaten & Mautdaten dient der Analyse und Kontrolle der Tankdaten und der Mautabrechnungen verschiedener Betreiber in Kombination mit Telematik- und Tachodaten.","breadcrumb":{"@id":"https:\/\/www.hh-development.eu\/cms\/produkte\/fleet-eye\/tank-mautdaten\/#breadcrumb"},"inLanguage":"de","potentialAction":[{"@type":"ReadAction","target":["https:\/\/www.hh-development.eu\/cms\/produkte\/fleet-eye\/tank-mautdaten\/"]}]},{"@type":"BreadcrumbList","@id":"https:\/\/www.hh-development.eu\/cms\/produkte\/fleet-eye\/tank-mautdaten\/#breadcrumb","itemListElement":[{"@type":"ListItem","position":1,"name":"Startseite","item":"https:\/\/www.hh-development.eu\/cms\/"},{"@type":"ListItem","position":2,"name":"Produkte","item":"https:\/\/www.hh-development.eu\/cms\/produkte\/"},{"@type":"ListItem","position":3,"name":"Fleet-Eye","item":"https:\/\/www.hh-development.eu\/cms\/produkte\/fleet-eye\/"},{"@type":"ListItem","position":4,"name":"Tank- &#038; Mautdaten"}]},{"@type":"WebSite","@id":"https:\/\/www.hh-development.eu\/cms\/#website","url":"https:\/\/www.hh-development.eu\/cms\/","name":"hh-development.eu","description":"","publisher":{"@id":"https:\/\/www.hh-development.eu\/cms\/#organization"},"potentialAction":[{"@type":"SearchAction","target":{"@type":"EntryPoint","urlTemplate":"https:\/\/www.hh-development.eu\/cms\/?s={search_term_string}"},"query-input":"required name=search_term_string"}],"inLanguage":"de"},{"@type":"Organization","@id":"https:\/\/www.hh-development.eu\/cms\/#organization","name":"H&H Development Industrial Software Solutions GmbH","url":"https:\/\/www.hh-development.eu\/cms\/","logo":{"@type":"ImageObject","inLanguage":"de","@id":"https:\/\/www.hh-development.eu\/cms\/#\/schema\/logo\/image\/","url":"https:\/\/www.hh-development.eu\/cms\/wp-content\/uploads\/2016\/07\/Logo_neu2-1.png","contentUrl":"https:\/\/www.hh-development.eu\/cms\/wp-content\/uploads\/2016\/07\/Logo_neu2-1.png","width":869,"height":256,"caption":"H&H Development Industrial Software Solutions GmbH"},"image":{"@id":"https:\/\/www.hh-development.eu\/cms\/#\/schema\/logo\/image\/"},"sameAs":["https:\/\/www.facebook.com\/HH-Development-Industrial-Software-Solutions-GmbH-106837180908857\/"]}]}},"_links":{"self":[{"href":"https:\/\/www.hh-development.eu\/cms\/wp-json\/wp\/v2\/pages\/259"}],"collection":[{"href":"https:\/\/www.hh-development.eu\/cms\/wp-json\/wp\/v2\/pages"}],"about":[{"href":"https:\/\/www.hh-development.eu\/cms\/wp-json\/wp\/v2\/types\/page"}],"author":[{"embeddable":true,"href":"https:\/\/www.hh-development.eu\/cms\/wp-json\/wp\/v2\/users\/1"}],"replies":[{"embeddable":true,"href":"https:\/\/www.hh-development.eu\/cms\/wp-json\/wp\/v2\/comments?post=259"}],"version-history":[{"count":21,"href":"https:\/\/www.hh-development.eu\/cms\/wp-json\/wp\/v2\/pages\/259\/revisions"}],"predecessor-version":[{"id":964,"href":"https:\/\/www.hh-development.eu\/cms\/wp-json\/wp\/v2\/pages\/259\/revisions\/964"}],"up":[{"embeddable":true,"href":"https:\/\/www.hh-development.eu\/cms\/wp-json\/wp\/v2\/pages\/249"}],"wp:attachment":[{"href":"https:\/\/www.hh-development.eu\/cms\/wp-json\/wp\/v2\/media?parent=259"}],"curies":[{"name":"wp","href":"https:\/\/api.w.org\/{rel}","templated":true}]}}