{"id":338,"date":"2016-07-05T08:59:24","date_gmt":"2016-07-05T06:59:24","guid":{"rendered":"http:\/\/www.hh-development.eu\/cms\/?page_id=338"},"modified":"2023-01-13T11:20:51","modified_gmt":"2023-01-13T09:20:51","slug":"wartung-und-werkstatt","status":"publish","type":"page","link":"https:\/\/www.hh-development.eu\/cms\/produkte\/wartung-und-werkstatt\/","title":{"rendered":"Wartung &#038; Werkstatt"},"content":{"rendered":"<p><\/p>\n<p style=\"text-align: justify;\">\u00a0<a href=\"https:\/\/www.hh-development.eu\/cms\/wp-content\/uploads\/2023\/01\/Werkstatt-Auftragsart.png\"><img decoding=\"async\" loading=\"lazy\" class=\"alignright wp-image-1444\" title=\"Werkstatt Auftragsart\" src=\"https:\/\/www.hh-development.eu\/cms\/wp-content\/uploads\/2023\/01\/Werkstatt-Auftragsart.png\" alt=\"\" width=\"517\" height=\"501\" srcset=\"https:\/\/www.hh-development.eu\/cms\/wp-content\/uploads\/2023\/01\/Werkstatt-Auftragsart.png 852w, https:\/\/www.hh-development.eu\/cms\/wp-content\/uploads\/2023\/01\/Werkstatt-Auftragsart-300x290.png 300w, https:\/\/www.hh-development.eu\/cms\/wp-content\/uploads\/2023\/01\/Werkstatt-Auftragsart-768x744.png 768w, https:\/\/www.hh-development.eu\/cms\/wp-content\/uploads\/2023\/01\/Werkstatt-Auftragsart-516x500.png 516w\" sizes=\"(max-width: 517px) 100vw, 517px\" \/><\/a> Das Software Modul <strong>Wartung &amp; Werkstatt<\/strong> dient dazu, dass die anfallenden Werkstattauftr\u00e4ge wie Reparatur- und Servicearbeiten optimal durchgef\u00fchrt werden k\u00f6nnen. Das Werkstattmodul erm\u00f6glicht ein effizientes Erfassen von Werksattauftr\u00e4gen und ein optimales Einplanen der verf\u00fcgbaren Werkstattmitarbeiter. Die passenden Werkstattarten zeigen dem Mechaniker auf, welche Arbeiten am jeweiligen Fahrzeug zu erledigen sind. Ein Teil der Werkstattarten ist bereits vordefiniert, kann aber auf einfache Art und Weise ge\u00e4ndert, oder auch neue Arten hinzugef\u00fcgt werden.<\/p>\n<p style=\"text-align: justify;\">Mit Hilfe des Werkstattmoduls k\u00f6nnen Werkstattauftr\u00e4ge verwaltet und geplant werden. Dank der hohen Flexibilit\u00e4t kann das Modul von jedem Unternehmen mit einer eigenen Werkstatt \/ Servicestelle f\u00fcr die Bewerkstelligung der administrativen Aufgaben genutzt werden.<\/p>\n<p style=\"text-align: justify;\">Im groben \u00dcberblick erf\u00fcllt das Werkstattmodul folgende Anforderungen:<\/p>\n<ul>\n<li style=\"text-align: justify;\"><strong>Auftr\u00e4ge planen \/ verwalten<a href=\"https:\/\/www.hh-development.eu\/cms\/wp-content\/uploads\/2023\/01\/Werkstatt.png\"><img decoding=\"async\" loading=\"lazy\" class=\"alignright wp-image-1445 \" title=\"Werkstatt Auftrag\" src=\"https:\/\/www.hh-development.eu\/cms\/wp-content\/uploads\/2023\/01\/Werkstatt.png\" alt=\"\" width=\"513\" height=\"492\" srcset=\"https:\/\/www.hh-development.eu\/cms\/wp-content\/uploads\/2023\/01\/Werkstatt.png 1058w, https:\/\/www.hh-development.eu\/cms\/wp-content\/uploads\/2023\/01\/Werkstatt-300x288.png 300w, https:\/\/www.hh-development.eu\/cms\/wp-content\/uploads\/2023\/01\/Werkstatt-1024x981.png 1024w, https:\/\/www.hh-development.eu\/cms\/wp-content\/uploads\/2023\/01\/Werkstatt-768x736.png 768w, https:\/\/www.hh-development.eu\/cms\/wp-content\/uploads\/2023\/01\/Werkstatt-522x500.png 522w\" sizes=\"(max-width: 513px) 100vw, 513px\" \/><\/a><\/strong><strong><br \/>\n<\/strong><\/li>\n<li style=\"text-align: justify;\"><strong>Tages,- Wochen,- Monatsplanliste erstellen<\/strong><\/li>\n<li style=\"text-align: justify;\"><strong>Serviceplanung durchf\u00fchren<\/strong><\/li>\n<li style=\"text-align: justify;\"><strong>Arten vordefiniert \/ definieren<\/strong><\/li>\n<\/ul>\n<p>&nbsp;<\/p>","protected":false},"excerpt":{"rendered":"<p>\u00a0 Das Software Modul Wartung &amp; Werkstatt dient dazu, dass die anfallenden Werkstattauftr\u00e4ge wie Reparatur- und Servicearbeiten optimal durchgef\u00fchrt werden k\u00f6nnen. Das Werkstattmodul erm\u00f6glicht ein effizientes Erfassen von Werksattauftr\u00e4gen und <a href=\"https:\/\/www.hh-development.eu\/cms\/produkte\/wartung-und-werkstatt\/\" class=\"more-link\">[&hellip;]<\/a><\/p>\n","protected":false},"author":1,"featured_media":0,"parent":18,"menu_order":0,"comment_status":"closed","ping_status":"closed","template":"","meta":{"Layout":""},"yoast_head":"<!-- This site is optimized with the Yoast SEO plugin v19.14 - https:\/\/yoast.com\/wordpress\/plugins\/seo\/ -->\n<title>Software Modul Wartung und Werkstatt Auftr\u00e4ge planen<\/title>\n<meta name=\"description\" content=\"Das Software Modul Wartung &amp; Werkstatt dient dazu, dass die anfallenden Werkstattauftr\u00e4ge wie Reparatur- und Servicearbeiten optimal durchgef\u00fchrt werden.\" \/>\n<meta name=\"robots\" content=\"index, follow, max-snippet:-1, max-image-preview:large, max-video-preview:-1\" \/>\n<link rel=\"canonical\" href=\"https:\/\/www.hh-development.eu\/cms\/produkte\/wartung-und-werkstatt\/\" \/>\n<meta property=\"og:locale\" content=\"de_DE\" \/>\n<meta property=\"og:type\" content=\"article\" \/>\n<meta property=\"og:title\" content=\"Software Modul Wartung und Werkstatt Auftr\u00e4ge planen\" \/>\n<meta property=\"og:description\" content=\"Das Software Modul Wartung &amp; Werkstatt dient dazu, dass die anfallenden Werkstattauftr\u00e4ge wie Reparatur- und Servicearbeiten optimal durchgef\u00fchrt werden.\" \/>\n<meta property=\"og:url\" content=\"https:\/\/www.hh-development.eu\/cms\/produkte\/wartung-und-werkstatt\/\" \/>\n<meta property=\"article:publisher\" content=\"https:\/\/www.facebook.com\/HH-Development-Industrial-Software-Solutions-GmbH-106837180908857\/\" \/>\n<meta property=\"article:modified_time\" content=\"2023-01-13T09:20:51+00:00\" \/>\n<meta property=\"og:image\" content=\"https:\/\/www.hh-development.eu\/cms\/wp-content\/uploads\/2023\/01\/Werkstatt-Auftragsart.png\" \/>\n<meta name=\"twitter:card\" content=\"summary_large_image\" \/>\n<meta name=\"twitter:label1\" content=\"Gesch\u00e4tzte Lesezeit\" \/>\n\t<meta name=\"twitter:data1\" content=\"2\u00a0Minuten\" \/>\n<script type=\"application\/ld+json\" class=\"yoast-schema-graph\">{\"@context\":\"https:\/\/schema.org\",\"@graph\":[{\"@type\":\"WebPage\",\"@id\":\"https:\/\/www.hh-development.eu\/cms\/produkte\/wartung-und-werkstatt\/\",\"url\":\"https:\/\/www.hh-development.eu\/cms\/produkte\/wartung-und-werkstatt\/\",\"name\":\"Software Modul Wartung und Werkstatt Auftr\u00e4ge planen\",\"isPartOf\":{\"@id\":\"https:\/\/www.hh-development.eu\/cms\/#website\"},\"datePublished\":\"2016-07-05T06:59:24+00:00\",\"dateModified\":\"2023-01-13T09:20:51+00:00\",\"description\":\"Das Software Modul Wartung & Werkstatt dient dazu, dass die anfallenden Werkstattauftr\u00e4ge wie Reparatur- und Servicearbeiten optimal durchgef\u00fchrt werden.\",\"breadcrumb\":{\"@id\":\"https:\/\/www.hh-development.eu\/cms\/produkte\/wartung-und-werkstatt\/#breadcrumb\"},\"inLanguage\":\"de\",\"potentialAction\":[{\"@type\":\"ReadAction\",\"target\":[\"https:\/\/www.hh-development.eu\/cms\/produkte\/wartung-und-werkstatt\/\"]}]},{\"@type\":\"BreadcrumbList\",\"@id\":\"https:\/\/www.hh-development.eu\/cms\/produkte\/wartung-und-werkstatt\/#breadcrumb\",\"itemListElement\":[{\"@type\":\"ListItem\",\"position\":1,\"name\":\"Startseite\",\"item\":\"https:\/\/www.hh-development.eu\/cms\/\"},{\"@type\":\"ListItem\",\"position\":2,\"name\":\"Produkte\",\"item\":\"https:\/\/www.hh-development.eu\/cms\/produkte\/\"},{\"@type\":\"ListItem\",\"position\":3,\"name\":\"Wartung &#038; Werkstatt\"}]},{\"@type\":\"WebSite\",\"@id\":\"https:\/\/www.hh-development.eu\/cms\/#website\",\"url\":\"https:\/\/www.hh-development.eu\/cms\/\",\"name\":\"hh-development.eu\",\"description\":\"\",\"publisher\":{\"@id\":\"https:\/\/www.hh-development.eu\/cms\/#organization\"},\"potentialAction\":[{\"@type\":\"SearchAction\",\"target\":{\"@type\":\"EntryPoint\",\"urlTemplate\":\"https:\/\/www.hh-development.eu\/cms\/?s={search_term_string}\"},\"query-input\":\"required name=search_term_string\"}],\"inLanguage\":\"de\"},{\"@type\":\"Organization\",\"@id\":\"https:\/\/www.hh-development.eu\/cms\/#organization\",\"name\":\"H&H Development Industrial Software Solutions GmbH\",\"url\":\"https:\/\/www.hh-development.eu\/cms\/\",\"logo\":{\"@type\":\"ImageObject\",\"inLanguage\":\"de\",\"@id\":\"https:\/\/www.hh-development.eu\/cms\/#\/schema\/logo\/image\/\",\"url\":\"https:\/\/www.hh-development.eu\/cms\/wp-content\/uploads\/2016\/07\/Logo_neu2-1.png\",\"contentUrl\":\"https:\/\/www.hh-development.eu\/cms\/wp-content\/uploads\/2016\/07\/Logo_neu2-1.png\",\"width\":869,\"height\":256,\"caption\":\"H&H Development Industrial Software Solutions GmbH\"},\"image\":{\"@id\":\"https:\/\/www.hh-development.eu\/cms\/#\/schema\/logo\/image\/\"},\"sameAs\":[\"https:\/\/www.facebook.com\/HH-Development-Industrial-Software-Solutions-GmbH-106837180908857\/\"]}]}<\/script>\n<!-- \/ Yoast SEO plugin. -->","yoast_head_json":{"title":"Software Modul Wartung und Werkstatt Auftr\u00e4ge planen","description":"Das Software Modul Wartung & Werkstatt dient dazu, dass die anfallenden Werkstattauftr\u00e4ge wie Reparatur- und Servicearbeiten optimal durchgef\u00fchrt werden.","robots":{"index":"index","follow":"follow","max-snippet":"max-snippet:-1","max-image-preview":"max-image-preview:large","max-video-preview":"max-video-preview:-1"},"canonical":"https:\/\/www.hh-development.eu\/cms\/produkte\/wartung-und-werkstatt\/","og_locale":"de_DE","og_type":"article","og_title":"Software Modul Wartung und Werkstatt Auftr\u00e4ge planen","og_description":"Das Software Modul Wartung & Werkstatt dient dazu, dass die anfallenden Werkstattauftr\u00e4ge wie Reparatur- und Servicearbeiten optimal durchgef\u00fchrt werden.","og_url":"https:\/\/www.hh-development.eu\/cms\/produkte\/wartung-und-werkstatt\/","article_publisher":"https:\/\/www.facebook.com\/HH-Development-Industrial-Software-Solutions-GmbH-106837180908857\/","article_modified_time":"2023-01-13T09:20:51+00:00","og_image":[{"url":"https:\/\/www.hh-development.eu\/cms\/wp-content\/uploads\/2023\/01\/Werkstatt-Auftragsart.png"}],"twitter_card":"summary_large_image","twitter_misc":{"Gesch\u00e4tzte Lesezeit":"2\u00a0Minuten"},"schema":{"@context":"https:\/\/schema.org","@graph":[{"@type":"WebPage","@id":"https:\/\/www.hh-development.eu\/cms\/produkte\/wartung-und-werkstatt\/","url":"https:\/\/www.hh-development.eu\/cms\/produkte\/wartung-und-werkstatt\/","name":"Software Modul Wartung und Werkstatt Auftr\u00e4ge planen","isPartOf":{"@id":"https:\/\/www.hh-development.eu\/cms\/#website"},"datePublished":"2016-07-05T06:59:24+00:00","dateModified":"2023-01-13T09:20:51+00:00","description":"Das Software Modul Wartung & Werkstatt dient dazu, dass die anfallenden Werkstattauftr\u00e4ge wie Reparatur- und Servicearbeiten optimal durchgef\u00fchrt werden.","breadcrumb":{"@id":"https:\/\/www.hh-development.eu\/cms\/produkte\/wartung-und-werkstatt\/#breadcrumb"},"inLanguage":"de","potentialAction":[{"@type":"ReadAction","target":["https:\/\/www.hh-development.eu\/cms\/produkte\/wartung-und-werkstatt\/"]}]},{"@type":"BreadcrumbList","@id":"https:\/\/www.hh-development.eu\/cms\/produkte\/wartung-und-werkstatt\/#breadcrumb","itemListElement":[{"@type":"ListItem","position":1,"name":"Startseite","item":"https:\/\/www.hh-development.eu\/cms\/"},{"@type":"ListItem","position":2,"name":"Produkte","item":"https:\/\/www.hh-development.eu\/cms\/produkte\/"},{"@type":"ListItem","position":3,"name":"Wartung &#038; Werkstatt"}]},{"@type":"WebSite","@id":"https:\/\/www.hh-development.eu\/cms\/#website","url":"https:\/\/www.hh-development.eu\/cms\/","name":"hh-development.eu","description":"","publisher":{"@id":"https:\/\/www.hh-development.eu\/cms\/#organization"},"potentialAction":[{"@type":"SearchAction","target":{"@type":"EntryPoint","urlTemplate":"https:\/\/www.hh-development.eu\/cms\/?s={search_term_string}"},"query-input":"required name=search_term_string"}],"inLanguage":"de"},{"@type":"Organization","@id":"https:\/\/www.hh-development.eu\/cms\/#organization","name":"H&H Development Industrial Software Solutions GmbH","url":"https:\/\/www.hh-development.eu\/cms\/","logo":{"@type":"ImageObject","inLanguage":"de","@id":"https:\/\/www.hh-development.eu\/cms\/#\/schema\/logo\/image\/","url":"https:\/\/www.hh-development.eu\/cms\/wp-content\/uploads\/2016\/07\/Logo_neu2-1.png","contentUrl":"https:\/\/www.hh-development.eu\/cms\/wp-content\/uploads\/2016\/07\/Logo_neu2-1.png","width":869,"height":256,"caption":"H&H Development Industrial Software Solutions GmbH"},"image":{"@id":"https:\/\/www.hh-development.eu\/cms\/#\/schema\/logo\/image\/"},"sameAs":["https:\/\/www.facebook.com\/HH-Development-Industrial-Software-Solutions-GmbH-106837180908857\/"]}]}},"_links":{"self":[{"href":"https:\/\/www.hh-development.eu\/cms\/wp-json\/wp\/v2\/pages\/338"}],"collection":[{"href":"https:\/\/www.hh-development.eu\/cms\/wp-json\/wp\/v2\/pages"}],"about":[{"href":"https:\/\/www.hh-development.eu\/cms\/wp-json\/wp\/v2\/types\/page"}],"author":[{"embeddable":true,"href":"https:\/\/www.hh-development.eu\/cms\/wp-json\/wp\/v2\/users\/1"}],"replies":[{"embeddable":true,"href":"https:\/\/www.hh-development.eu\/cms\/wp-json\/wp\/v2\/comments?post=338"}],"version-history":[{"count":34,"href":"https:\/\/www.hh-development.eu\/cms\/wp-json\/wp\/v2\/pages\/338\/revisions"}],"predecessor-version":[{"id":1446,"href":"https:\/\/www.hh-development.eu\/cms\/wp-json\/wp\/v2\/pages\/338\/revisions\/1446"}],"up":[{"embeddable":true,"href":"https:\/\/www.hh-development.eu\/cms\/wp-json\/wp\/v2\/pages\/18"}],"wp:attachment":[{"href":"https:\/\/www.hh-development.eu\/cms\/wp-json\/wp\/v2\/media?parent=338"}],"curies":[{"name":"wp","href":"https:\/\/api.w.org\/{rel}","templated":true}]}}