{"id":351,"date":"2016-07-05T12:03:11","date_gmt":"2016-07-05T10:03:11","guid":{"rendered":"http:\/\/www.hh-development.eu\/cms\/?page_id=351"},"modified":"2023-01-13T11:10:22","modified_gmt":"2023-01-13T09:10:22","slug":"disposition","status":"publish","type":"page","link":"https:\/\/www.hh-development.eu\/cms\/produkte\/fleet-eye\/disposition\/","title":{"rendered":"Disposition"},"content":{"rendered":"<p><\/p>\n<p style=\"text-align: justify;\">Das Modul\u00a0f\u00fcr<strong>\u00a0Disposition<\/strong> unterst\u00fctzt den Disponenten bei der Zusammenstellung von Touren. Dabei k\u00f6nnen die erfassten Auftr\u00e4ge auf einfache Art und Weise auf \u00a0Fahrzeuge, Anh\u00e4nger und Fahrer disponiert werden. Zudem k\u00f6nnen die Daten in das Buchhaltungsprogramm und Excel exportiert werden.<a href=\"https:\/\/www.hh-development.eu\/cms\/wp-content\/uploads\/2023\/01\/Sendungen.png\"><img decoding=\"async\" loading=\"lazy\" class=\"alignright wp-image-1427\" title=\"Sendunge\" src=\"https:\/\/www.hh-development.eu\/cms\/wp-content\/uploads\/2023\/01\/Sendungen.png\" alt=\"\" width=\"306\" height=\"265\" srcset=\"https:\/\/www.hh-development.eu\/cms\/wp-content\/uploads\/2023\/01\/Sendungen.png 943w, https:\/\/www.hh-development.eu\/cms\/wp-content\/uploads\/2023\/01\/Sendungen-300x260.png 300w, https:\/\/www.hh-development.eu\/cms\/wp-content\/uploads\/2023\/01\/Sendungen-768x665.png 768w, https:\/\/www.hh-development.eu\/cms\/wp-content\/uploads\/2023\/01\/Sendungen-577x500.png 577w\" sizes=\"(max-width: 306px) 100vw, 306px\" \/><\/a><\/p>\n<p style=\"text-align: justify;\">N\u00fctzliche Funktionen:<\/p>\n<ul style=\"text-align: justify;\">\n<li><strong>Ladeauftr\u00e4ge senden<\/strong><\/li>\n<li><strong>Tourenlisten drucken<\/strong><\/li>\n<li><strong>Graphische Tourendarstellung<\/strong><\/li>\n<li><strong>Export ins Excel und andere Programme<\/strong><\/li>\n<\/ul>\n<p style=\"text-align: justify;\">Der Disponent kann Textmeldungen an ein oder alle\u00a0Fahrzeuge versenden, sowie welche von den Fahrzeugen empfangen. Au\u00dferdem\u00a0k\u00f6nnen die erstellten<a style=\"text-align: justify;\" href=\"https:\/\/www.hh-development.eu\/cms\/wp-content\/uploads\/2023\/01\/Dispoplan.png\"><img decoding=\"async\" loading=\"lazy\" class=\"alignright wp-image-1428\" title=\"Dispoplan\" src=\"https:\/\/www.hh-development.eu\/cms\/wp-content\/uploads\/2023\/01\/Dispoplan.png\" alt=\"\" width=\"304\" height=\"181\" srcset=\"https:\/\/www.hh-development.eu\/cms\/wp-content\/uploads\/2023\/01\/Dispoplan.png 2222w, https:\/\/www.hh-development.eu\/cms\/wp-content\/uploads\/2023\/01\/Dispoplan-300x179.png 300w, https:\/\/www.hh-development.eu\/cms\/wp-content\/uploads\/2023\/01\/Dispoplan-1024x611.png 1024w, https:\/\/www.hh-development.eu\/cms\/wp-content\/uploads\/2023\/01\/Dispoplan-768x458.png 768w, https:\/\/www.hh-development.eu\/cms\/wp-content\/uploads\/2023\/01\/Dispoplan-1536x917.png 1536w, https:\/\/www.hh-development.eu\/cms\/wp-content\/uploads\/2023\/01\/Dispoplan-2048x1222.png 2048w, https:\/\/www.hh-development.eu\/cms\/wp-content\/uploads\/2023\/01\/Dispoplan-838x500.png 838w\" sizes=\"(max-width: 304px) 100vw, 304px\" \/><\/a> Touren, sowie \u00c4nderungen der Tour direkt an das Fahrzeug \u00fcbermittelt werden.<\/p>\n<p>&nbsp;<\/p>\n<p>&nbsp;<\/p>","protected":false},"excerpt":{"rendered":"<p>Das Modul\u00a0f\u00fcr\u00a0Disposition unterst\u00fctzt den Disponenten bei der Zusammenstellung von Touren. Dabei k\u00f6nnen die erfassten Auftr\u00e4ge auf einfache Art und Weise auf \u00a0Fahrzeuge, Anh\u00e4nger und Fahrer disponiert werden. Zudem k\u00f6nnen die <a href=\"https:\/\/www.hh-development.eu\/cms\/produkte\/fleet-eye\/disposition\/\" class=\"more-link\">[&hellip;]<\/a><\/p>\n","protected":false},"author":1,"featured_media":0,"parent":249,"menu_order":0,"comment_status":"closed","ping_status":"closed","template":"","meta":{"Layout":""},"yoast_head":"<!-- This site is optimized with the Yoast SEO plugin v19.14 - https:\/\/yoast.com\/wordpress\/plugins\/seo\/ -->\n<title>Software - Disposition - Touren - Transport - Auftr\u00e4ge - Logistik<\/title>\n<meta name=\"description\" content=\"Die Software Disposition unterst\u00fctzt den Disponenten bei der Zusammenstellung von Tourenlisten und Ladeauftr\u00e4gen. Graphische Tourendarstellung ist m\u00f6glich.\" \/>\n<meta name=\"robots\" content=\"index, follow, max-snippet:-1, max-image-preview:large, max-video-preview:-1\" \/>\n<link rel=\"canonical\" href=\"https:\/\/www.hh-development.eu\/cms\/produkte\/fleet-eye\/disposition\/\" \/>\n<meta property=\"og:locale\" content=\"de_DE\" \/>\n<meta property=\"og:type\" content=\"article\" \/>\n<meta property=\"og:title\" content=\"Software - Disposition - Touren - Transport - Auftr\u00e4ge - Logistik\" \/>\n<meta property=\"og:description\" content=\"Die Software Disposition unterst\u00fctzt den Disponenten bei der Zusammenstellung von Tourenlisten und Ladeauftr\u00e4gen. Graphische Tourendarstellung ist m\u00f6glich.\" \/>\n<meta property=\"og:url\" content=\"https:\/\/www.hh-development.eu\/cms\/produkte\/fleet-eye\/disposition\/\" \/>\n<meta property=\"article:publisher\" content=\"https:\/\/www.facebook.com\/HH-Development-Industrial-Software-Solutions-GmbH-106837180908857\/\" \/>\n<meta property=\"article:modified_time\" content=\"2023-01-13T09:10:22+00:00\" \/>\n<meta property=\"og:image\" content=\"https:\/\/www.hh-development.eu\/cms\/wp-content\/uploads\/2023\/01\/Sendungen.png\" \/>\n<meta name=\"twitter:card\" content=\"summary_large_image\" \/>\n<meta name=\"twitter:label1\" content=\"Gesch\u00e4tzte Lesezeit\" \/>\n\t<meta name=\"twitter:data1\" content=\"1\u00a0Minute\" \/>\n<script type=\"application\/ld+json\" class=\"yoast-schema-graph\">{\"@context\":\"https:\/\/schema.org\",\"@graph\":[{\"@type\":\"WebPage\",\"@id\":\"https:\/\/www.hh-development.eu\/cms\/produkte\/fleet-eye\/disposition\/\",\"url\":\"https:\/\/www.hh-development.eu\/cms\/produkte\/fleet-eye\/disposition\/\",\"name\":\"Software - Disposition - Touren - Transport - Auftr\u00e4ge - Logistik\",\"isPartOf\":{\"@id\":\"https:\/\/www.hh-development.eu\/cms\/#website\"},\"datePublished\":\"2016-07-05T10:03:11+00:00\",\"dateModified\":\"2023-01-13T09:10:22+00:00\",\"description\":\"Die Software Disposition unterst\u00fctzt den Disponenten bei der Zusammenstellung von Tourenlisten und Ladeauftr\u00e4gen. Graphische Tourendarstellung ist m\u00f6glich.\",\"breadcrumb\":{\"@id\":\"https:\/\/www.hh-development.eu\/cms\/produkte\/fleet-eye\/disposition\/#breadcrumb\"},\"inLanguage\":\"de\",\"potentialAction\":[{\"@type\":\"ReadAction\",\"target\":[\"https:\/\/www.hh-development.eu\/cms\/produkte\/fleet-eye\/disposition\/\"]}]},{\"@type\":\"BreadcrumbList\",\"@id\":\"https:\/\/www.hh-development.eu\/cms\/produkte\/fleet-eye\/disposition\/#breadcrumb\",\"itemListElement\":[{\"@type\":\"ListItem\",\"position\":1,\"name\":\"Startseite\",\"item\":\"https:\/\/www.hh-development.eu\/cms\/\"},{\"@type\":\"ListItem\",\"position\":2,\"name\":\"Produkte\",\"item\":\"https:\/\/www.hh-development.eu\/cms\/produkte\/\"},{\"@type\":\"ListItem\",\"position\":3,\"name\":\"Fleet-Eye\",\"item\":\"https:\/\/www.hh-development.eu\/cms\/produkte\/fleet-eye\/\"},{\"@type\":\"ListItem\",\"position\":4,\"name\":\"Disposition\"}]},{\"@type\":\"WebSite\",\"@id\":\"https:\/\/www.hh-development.eu\/cms\/#website\",\"url\":\"https:\/\/www.hh-development.eu\/cms\/\",\"name\":\"hh-development.eu\",\"description\":\"\",\"publisher\":{\"@id\":\"https:\/\/www.hh-development.eu\/cms\/#organization\"},\"potentialAction\":[{\"@type\":\"SearchAction\",\"target\":{\"@type\":\"EntryPoint\",\"urlTemplate\":\"https:\/\/www.hh-development.eu\/cms\/?s={search_term_string}\"},\"query-input\":\"required name=search_term_string\"}],\"inLanguage\":\"de\"},{\"@type\":\"Organization\",\"@id\":\"https:\/\/www.hh-development.eu\/cms\/#organization\",\"name\":\"H&H Development Industrial Software Solutions GmbH\",\"url\":\"https:\/\/www.hh-development.eu\/cms\/\",\"logo\":{\"@type\":\"ImageObject\",\"inLanguage\":\"de\",\"@id\":\"https:\/\/www.hh-development.eu\/cms\/#\/schema\/logo\/image\/\",\"url\":\"https:\/\/www.hh-development.eu\/cms\/wp-content\/uploads\/2016\/07\/Logo_neu2-1.png\",\"contentUrl\":\"https:\/\/www.hh-development.eu\/cms\/wp-content\/uploads\/2016\/07\/Logo_neu2-1.png\",\"width\":869,\"height\":256,\"caption\":\"H&H Development Industrial Software Solutions GmbH\"},\"image\":{\"@id\":\"https:\/\/www.hh-development.eu\/cms\/#\/schema\/logo\/image\/\"},\"sameAs\":[\"https:\/\/www.facebook.com\/HH-Development-Industrial-Software-Solutions-GmbH-106837180908857\/\"]}]}<\/script>\n<!-- \/ Yoast SEO plugin. -->","yoast_head_json":{"title":"Software - Disposition - Touren - Transport - Auftr\u00e4ge - Logistik","description":"Die Software Disposition unterst\u00fctzt den Disponenten bei der Zusammenstellung von Tourenlisten und Ladeauftr\u00e4gen. Graphische Tourendarstellung ist m\u00f6glich.","robots":{"index":"index","follow":"follow","max-snippet":"max-snippet:-1","max-image-preview":"max-image-preview:large","max-video-preview":"max-video-preview:-1"},"canonical":"https:\/\/www.hh-development.eu\/cms\/produkte\/fleet-eye\/disposition\/","og_locale":"de_DE","og_type":"article","og_title":"Software - Disposition - Touren - Transport - Auftr\u00e4ge - Logistik","og_description":"Die Software Disposition unterst\u00fctzt den Disponenten bei der Zusammenstellung von Tourenlisten und Ladeauftr\u00e4gen. Graphische Tourendarstellung ist m\u00f6glich.","og_url":"https:\/\/www.hh-development.eu\/cms\/produkte\/fleet-eye\/disposition\/","article_publisher":"https:\/\/www.facebook.com\/HH-Development-Industrial-Software-Solutions-GmbH-106837180908857\/","article_modified_time":"2023-01-13T09:10:22+00:00","og_image":[{"url":"https:\/\/www.hh-development.eu\/cms\/wp-content\/uploads\/2023\/01\/Sendungen.png"}],"twitter_card":"summary_large_image","twitter_misc":{"Gesch\u00e4tzte Lesezeit":"1\u00a0Minute"},"schema":{"@context":"https:\/\/schema.org","@graph":[{"@type":"WebPage","@id":"https:\/\/www.hh-development.eu\/cms\/produkte\/fleet-eye\/disposition\/","url":"https:\/\/www.hh-development.eu\/cms\/produkte\/fleet-eye\/disposition\/","name":"Software - Disposition - Touren - Transport - Auftr\u00e4ge - Logistik","isPartOf":{"@id":"https:\/\/www.hh-development.eu\/cms\/#website"},"datePublished":"2016-07-05T10:03:11+00:00","dateModified":"2023-01-13T09:10:22+00:00","description":"Die Software Disposition unterst\u00fctzt den Disponenten bei der Zusammenstellung von Tourenlisten und Ladeauftr\u00e4gen. Graphische Tourendarstellung ist m\u00f6glich.","breadcrumb":{"@id":"https:\/\/www.hh-development.eu\/cms\/produkte\/fleet-eye\/disposition\/#breadcrumb"},"inLanguage":"de","potentialAction":[{"@type":"ReadAction","target":["https:\/\/www.hh-development.eu\/cms\/produkte\/fleet-eye\/disposition\/"]}]},{"@type":"BreadcrumbList","@id":"https:\/\/www.hh-development.eu\/cms\/produkte\/fleet-eye\/disposition\/#breadcrumb","itemListElement":[{"@type":"ListItem","position":1,"name":"Startseite","item":"https:\/\/www.hh-development.eu\/cms\/"},{"@type":"ListItem","position":2,"name":"Produkte","item":"https:\/\/www.hh-development.eu\/cms\/produkte\/"},{"@type":"ListItem","position":3,"name":"Fleet-Eye","item":"https:\/\/www.hh-development.eu\/cms\/produkte\/fleet-eye\/"},{"@type":"ListItem","position":4,"name":"Disposition"}]},{"@type":"WebSite","@id":"https:\/\/www.hh-development.eu\/cms\/#website","url":"https:\/\/www.hh-development.eu\/cms\/","name":"hh-development.eu","description":"","publisher":{"@id":"https:\/\/www.hh-development.eu\/cms\/#organization"},"potentialAction":[{"@type":"SearchAction","target":{"@type":"EntryPoint","urlTemplate":"https:\/\/www.hh-development.eu\/cms\/?s={search_term_string}"},"query-input":"required name=search_term_string"}],"inLanguage":"de"},{"@type":"Organization","@id":"https:\/\/www.hh-development.eu\/cms\/#organization","name":"H&H Development Industrial Software Solutions GmbH","url":"https:\/\/www.hh-development.eu\/cms\/","logo":{"@type":"ImageObject","inLanguage":"de","@id":"https:\/\/www.hh-development.eu\/cms\/#\/schema\/logo\/image\/","url":"https:\/\/www.hh-development.eu\/cms\/wp-content\/uploads\/2016\/07\/Logo_neu2-1.png","contentUrl":"https:\/\/www.hh-development.eu\/cms\/wp-content\/uploads\/2016\/07\/Logo_neu2-1.png","width":869,"height":256,"caption":"H&H Development Industrial Software Solutions GmbH"},"image":{"@id":"https:\/\/www.hh-development.eu\/cms\/#\/schema\/logo\/image\/"},"sameAs":["https:\/\/www.facebook.com\/HH-Development-Industrial-Software-Solutions-GmbH-106837180908857\/"]}]}},"_links":{"self":[{"href":"https:\/\/www.hh-development.eu\/cms\/wp-json\/wp\/v2\/pages\/351"}],"collection":[{"href":"https:\/\/www.hh-development.eu\/cms\/wp-json\/wp\/v2\/pages"}],"about":[{"href":"https:\/\/www.hh-development.eu\/cms\/wp-json\/wp\/v2\/types\/page"}],"author":[{"embeddable":true,"href":"https:\/\/www.hh-development.eu\/cms\/wp-json\/wp\/v2\/users\/1"}],"replies":[{"embeddable":true,"href":"https:\/\/www.hh-development.eu\/cms\/wp-json\/wp\/v2\/comments?post=351"}],"version-history":[{"count":30,"href":"https:\/\/www.hh-development.eu\/cms\/wp-json\/wp\/v2\/pages\/351\/revisions"}],"predecessor-version":[{"id":1457,"href":"https:\/\/www.hh-development.eu\/cms\/wp-json\/wp\/v2\/pages\/351\/revisions\/1457"}],"up":[{"embeddable":true,"href":"https:\/\/www.hh-development.eu\/cms\/wp-json\/wp\/v2\/pages\/249"}],"wp:attachment":[{"href":"https:\/\/www.hh-development.eu\/cms\/wp-json\/wp\/v2\/media?parent=351"}],"curies":[{"name":"wp","href":"https:\/\/api.w.org\/{rel}","templated":true}]}}