{"id":382,"date":"2016-07-07T10:01:43","date_gmt":"2016-07-07T08:01:43","guid":{"rendered":"http:\/\/www.hh-development.eu\/cms\/?page_id=382"},"modified":"2023-01-13T11:13:17","modified_gmt":"2023-01-13T09:13:17","slug":"rampen-management","status":"publish","type":"page","link":"https:\/\/www.hh-development.eu\/cms\/produkte\/fleet-eye\/rampen-management\/","title":{"rendered":"Rampen Management"},"content":{"rendered":"<p>Mit dem Software Modul <strong>Rampen Management<\/strong> <a href=\"https:\/\/www.hh-development.eu\/cms\/wp-content\/uploads\/2023\/01\/Rampen-e1673521439523.png\"><img decoding=\"async\" loading=\"lazy\" class=\"alignright wp-image-1431\" title=\"Rampen\" src=\"https:\/\/www.hh-development.eu\/cms\/wp-content\/uploads\/2023\/01\/Rampen-e1673521439523.png\" alt=\"\" width=\"400\" height=\"199\" srcset=\"https:\/\/www.hh-development.eu\/cms\/wp-content\/uploads\/2023\/01\/Rampen-e1673521439523.png 392w, https:\/\/www.hh-development.eu\/cms\/wp-content\/uploads\/2023\/01\/Rampen-e1673521439523-300x149.png 300w\" sizes=\"(max-width: 400px) 100vw, 400px\" \/><\/a>lassen sich Zeitfenster f\u00fcr Laderampen reservieren und buchen. Die Webanwendung zum Rampen-Management verschafft einen schnellen, transparenten \u00dcberblick \u00fcber die voraussichtliche und aktuelle Rampenauslastung. Neben der mittelfristigen Planung, k\u00f6nnen Sie auch auf kurzfristige Verz\u00f6gerungen oder ungeplante \u00c4nderungen reagieren.<\/p>\n<p>Einige Vorteile im \u00dcberblick<a href=\"https:\/\/www.hh-development.eu\/cms\/wp-content\/uploads\/2023\/01\/Rampenplan-1.png\"><img decoding=\"async\" loading=\"lazy\" class=\"alignright wp-image-1433\" title=\"Rampenplan\" src=\"https:\/\/www.hh-development.eu\/cms\/wp-content\/uploads\/2023\/01\/Rampenplan-1.png\" alt=\"\" width=\"401\" height=\"311\" srcset=\"https:\/\/www.hh-development.eu\/cms\/wp-content\/uploads\/2023\/01\/Rampenplan-1.png 1645w, https:\/\/www.hh-development.eu\/cms\/wp-content\/uploads\/2023\/01\/Rampenplan-1-300x233.png 300w, https:\/\/www.hh-development.eu\/cms\/wp-content\/uploads\/2023\/01\/Rampenplan-1-1024x794.png 1024w, https:\/\/www.hh-development.eu\/cms\/wp-content\/uploads\/2023\/01\/Rampenplan-1-768x596.png 768w, https:\/\/www.hh-development.eu\/cms\/wp-content\/uploads\/2023\/01\/Rampenplan-1-1536x1191.png 1536w, https:\/\/www.hh-development.eu\/cms\/wp-content\/uploads\/2023\/01\/Rampenplan-1-645x500.png 645w\" sizes=\"(max-width: 401px) 100vw, 401px\" \/><\/a><\/p>\n<ul>\n<li><strong>Reduzierung<\/strong><strong> der Wartezeiten bei Beladung\/Entladung<\/strong><\/li>\n<li><strong>Vorausschauender \u00dcberblick \u00fcber Verf\u00fcgbarkeiten<\/strong><\/li>\n<li><strong>Optimierung der Rampenauslastung<\/strong><\/li>\n<li><strong>Verbesserung der Personalplanung<\/strong><strong> an den Rampen<\/strong><\/li>\n<li><strong>Reduzierung von Standzeiten und damit verbundenen Standgeldern<\/strong><\/li>\n<li><strong>Management von ungeplanten Verz\u00f6gerungen<\/strong><\/li>\n<li><strong>Reaktion mit mobilen Ger\u00e4ten an das Fahrzeug<\/strong><\/li>\n<\/ul>\n<p><\/p>","protected":false},"excerpt":{"rendered":"<p>Mit dem Software Modul Rampen Management lassen sich Zeitfenster f\u00fcr Laderampen reservieren und buchen. Die Webanwendung zum Rampen-Management verschafft einen schnellen, transparenten \u00dcberblick \u00fcber die voraussichtliche und aktuelle Rampenauslastung. Neben <a href=\"https:\/\/www.hh-development.eu\/cms\/produkte\/fleet-eye\/rampen-management\/\" class=\"more-link\">[&hellip;]<\/a><\/p>\n","protected":false},"author":1,"featured_media":0,"parent":249,"menu_order":0,"comment_status":"closed","ping_status":"closed","template":"","meta":{"Layout":"1c"},"yoast_head":"<!-- This site is optimized with the Yoast SEO plugin v19.14 - https:\/\/yoast.com\/wordpress\/plugins\/seo\/ -->\n<title>Software Rampenmanagement - Laderampen - Zeitfenster<\/title>\n<meta name=\"description\" content=\"Mit dem Software Modul Rampen Management lassen sich Zeitfenster f\u00fcr Laderampen reservieren und buchen. Management von ungeplanten Verz\u00f6gerungen\" \/>\n<meta name=\"robots\" content=\"index, follow, max-snippet:-1, max-image-preview:large, max-video-preview:-1\" \/>\n<link rel=\"canonical\" href=\"https:\/\/www.hh-development.eu\/cms\/produkte\/fleet-eye\/rampen-management\/\" \/>\n<meta property=\"og:locale\" content=\"de_DE\" \/>\n<meta property=\"og:type\" content=\"article\" \/>\n<meta property=\"og:title\" content=\"Software Rampenmanagement - Laderampen - Zeitfenster\" \/>\n<meta property=\"og:description\" content=\"Mit dem Software Modul Rampen Management lassen sich Zeitfenster f\u00fcr Laderampen reservieren und buchen. Management von ungeplanten Verz\u00f6gerungen\" \/>\n<meta property=\"og:url\" content=\"https:\/\/www.hh-development.eu\/cms\/produkte\/fleet-eye\/rampen-management\/\" \/>\n<meta property=\"article:publisher\" content=\"https:\/\/www.facebook.com\/HH-Development-Industrial-Software-Solutions-GmbH-106837180908857\/\" \/>\n<meta property=\"article:modified_time\" content=\"2023-01-13T09:13:17+00:00\" \/>\n<meta property=\"og:image\" content=\"https:\/\/www.hh-development.eu\/cms\/wp-content\/uploads\/2023\/01\/Rampen-e1673521439523.png\" \/>\n<meta name=\"twitter:card\" content=\"summary_large_image\" \/>\n<meta name=\"twitter:label1\" content=\"Gesch\u00e4tzte Lesezeit\" \/>\n\t<meta name=\"twitter:data1\" content=\"1\u00a0Minute\" \/>\n<script type=\"application\/ld+json\" class=\"yoast-schema-graph\">{\"@context\":\"https:\/\/schema.org\",\"@graph\":[{\"@type\":\"WebPage\",\"@id\":\"https:\/\/www.hh-development.eu\/cms\/produkte\/fleet-eye\/rampen-management\/\",\"url\":\"https:\/\/www.hh-development.eu\/cms\/produkte\/fleet-eye\/rampen-management\/\",\"name\":\"Software Rampenmanagement - Laderampen - Zeitfenster\",\"isPartOf\":{\"@id\":\"https:\/\/www.hh-development.eu\/cms\/#website\"},\"datePublished\":\"2016-07-07T08:01:43+00:00\",\"dateModified\":\"2023-01-13T09:13:17+00:00\",\"description\":\"Mit dem Software Modul Rampen Management lassen sich Zeitfenster f\u00fcr Laderampen reservieren und buchen. Management von ungeplanten Verz\u00f6gerungen\",\"breadcrumb\":{\"@id\":\"https:\/\/www.hh-development.eu\/cms\/produkte\/fleet-eye\/rampen-management\/#breadcrumb\"},\"inLanguage\":\"de\",\"potentialAction\":[{\"@type\":\"ReadAction\",\"target\":[\"https:\/\/www.hh-development.eu\/cms\/produkte\/fleet-eye\/rampen-management\/\"]}]},{\"@type\":\"BreadcrumbList\",\"@id\":\"https:\/\/www.hh-development.eu\/cms\/produkte\/fleet-eye\/rampen-management\/#breadcrumb\",\"itemListElement\":[{\"@type\":\"ListItem\",\"position\":1,\"name\":\"Startseite\",\"item\":\"https:\/\/www.hh-development.eu\/cms\/\"},{\"@type\":\"ListItem\",\"position\":2,\"name\":\"Produkte\",\"item\":\"https:\/\/www.hh-development.eu\/cms\/produkte\/\"},{\"@type\":\"ListItem\",\"position\":3,\"name\":\"Fleet-Eye\",\"item\":\"https:\/\/www.hh-development.eu\/cms\/produkte\/fleet-eye\/\"},{\"@type\":\"ListItem\",\"position\":4,\"name\":\"Rampen Management\"}]},{\"@type\":\"WebSite\",\"@id\":\"https:\/\/www.hh-development.eu\/cms\/#website\",\"url\":\"https:\/\/www.hh-development.eu\/cms\/\",\"name\":\"hh-development.eu\",\"description\":\"\",\"publisher\":{\"@id\":\"https:\/\/www.hh-development.eu\/cms\/#organization\"},\"potentialAction\":[{\"@type\":\"SearchAction\",\"target\":{\"@type\":\"EntryPoint\",\"urlTemplate\":\"https:\/\/www.hh-development.eu\/cms\/?s={search_term_string}\"},\"query-input\":\"required name=search_term_string\"}],\"inLanguage\":\"de\"},{\"@type\":\"Organization\",\"@id\":\"https:\/\/www.hh-development.eu\/cms\/#organization\",\"name\":\"H&H Development Industrial Software Solutions GmbH\",\"url\":\"https:\/\/www.hh-development.eu\/cms\/\",\"logo\":{\"@type\":\"ImageObject\",\"inLanguage\":\"de\",\"@id\":\"https:\/\/www.hh-development.eu\/cms\/#\/schema\/logo\/image\/\",\"url\":\"https:\/\/www.hh-development.eu\/cms\/wp-content\/uploads\/2016\/07\/Logo_neu2-1.png\",\"contentUrl\":\"https:\/\/www.hh-development.eu\/cms\/wp-content\/uploads\/2016\/07\/Logo_neu2-1.png\",\"width\":869,\"height\":256,\"caption\":\"H&H Development Industrial Software Solutions GmbH\"},\"image\":{\"@id\":\"https:\/\/www.hh-development.eu\/cms\/#\/schema\/logo\/image\/\"},\"sameAs\":[\"https:\/\/www.facebook.com\/HH-Development-Industrial-Software-Solutions-GmbH-106837180908857\/\"]}]}<\/script>\n<!-- \/ Yoast SEO plugin. -->","yoast_head_json":{"title":"Software Rampenmanagement - Laderampen - Zeitfenster","description":"Mit dem Software Modul Rampen Management lassen sich Zeitfenster f\u00fcr Laderampen reservieren und buchen. Management von ungeplanten Verz\u00f6gerungen","robots":{"index":"index","follow":"follow","max-snippet":"max-snippet:-1","max-image-preview":"max-image-preview:large","max-video-preview":"max-video-preview:-1"},"canonical":"https:\/\/www.hh-development.eu\/cms\/produkte\/fleet-eye\/rampen-management\/","og_locale":"de_DE","og_type":"article","og_title":"Software Rampenmanagement - Laderampen - Zeitfenster","og_description":"Mit dem Software Modul Rampen Management lassen sich Zeitfenster f\u00fcr Laderampen reservieren und buchen. Management von ungeplanten Verz\u00f6gerungen","og_url":"https:\/\/www.hh-development.eu\/cms\/produkte\/fleet-eye\/rampen-management\/","article_publisher":"https:\/\/www.facebook.com\/HH-Development-Industrial-Software-Solutions-GmbH-106837180908857\/","article_modified_time":"2023-01-13T09:13:17+00:00","og_image":[{"url":"https:\/\/www.hh-development.eu\/cms\/wp-content\/uploads\/2023\/01\/Rampen-e1673521439523.png"}],"twitter_card":"summary_large_image","twitter_misc":{"Gesch\u00e4tzte Lesezeit":"1\u00a0Minute"},"schema":{"@context":"https:\/\/schema.org","@graph":[{"@type":"WebPage","@id":"https:\/\/www.hh-development.eu\/cms\/produkte\/fleet-eye\/rampen-management\/","url":"https:\/\/www.hh-development.eu\/cms\/produkte\/fleet-eye\/rampen-management\/","name":"Software Rampenmanagement - Laderampen - Zeitfenster","isPartOf":{"@id":"https:\/\/www.hh-development.eu\/cms\/#website"},"datePublished":"2016-07-07T08:01:43+00:00","dateModified":"2023-01-13T09:13:17+00:00","description":"Mit dem Software Modul Rampen Management lassen sich Zeitfenster f\u00fcr Laderampen reservieren und buchen. Management von ungeplanten Verz\u00f6gerungen","breadcrumb":{"@id":"https:\/\/www.hh-development.eu\/cms\/produkte\/fleet-eye\/rampen-management\/#breadcrumb"},"inLanguage":"de","potentialAction":[{"@type":"ReadAction","target":["https:\/\/www.hh-development.eu\/cms\/produkte\/fleet-eye\/rampen-management\/"]}]},{"@type":"BreadcrumbList","@id":"https:\/\/www.hh-development.eu\/cms\/produkte\/fleet-eye\/rampen-management\/#breadcrumb","itemListElement":[{"@type":"ListItem","position":1,"name":"Startseite","item":"https:\/\/www.hh-development.eu\/cms\/"},{"@type":"ListItem","position":2,"name":"Produkte","item":"https:\/\/www.hh-development.eu\/cms\/produkte\/"},{"@type":"ListItem","position":3,"name":"Fleet-Eye","item":"https:\/\/www.hh-development.eu\/cms\/produkte\/fleet-eye\/"},{"@type":"ListItem","position":4,"name":"Rampen Management"}]},{"@type":"WebSite","@id":"https:\/\/www.hh-development.eu\/cms\/#website","url":"https:\/\/www.hh-development.eu\/cms\/","name":"hh-development.eu","description":"","publisher":{"@id":"https:\/\/www.hh-development.eu\/cms\/#organization"},"potentialAction":[{"@type":"SearchAction","target":{"@type":"EntryPoint","urlTemplate":"https:\/\/www.hh-development.eu\/cms\/?s={search_term_string}"},"query-input":"required name=search_term_string"}],"inLanguage":"de"},{"@type":"Organization","@id":"https:\/\/www.hh-development.eu\/cms\/#organization","name":"H&H Development Industrial Software Solutions GmbH","url":"https:\/\/www.hh-development.eu\/cms\/","logo":{"@type":"ImageObject","inLanguage":"de","@id":"https:\/\/www.hh-development.eu\/cms\/#\/schema\/logo\/image\/","url":"https:\/\/www.hh-development.eu\/cms\/wp-content\/uploads\/2016\/07\/Logo_neu2-1.png","contentUrl":"https:\/\/www.hh-development.eu\/cms\/wp-content\/uploads\/2016\/07\/Logo_neu2-1.png","width":869,"height":256,"caption":"H&H Development Industrial Software Solutions GmbH"},"image":{"@id":"https:\/\/www.hh-development.eu\/cms\/#\/schema\/logo\/image\/"},"sameAs":["https:\/\/www.facebook.com\/HH-Development-Industrial-Software-Solutions-GmbH-106837180908857\/"]}]}},"_links":{"self":[{"href":"https:\/\/www.hh-development.eu\/cms\/wp-json\/wp\/v2\/pages\/382"}],"collection":[{"href":"https:\/\/www.hh-development.eu\/cms\/wp-json\/wp\/v2\/pages"}],"about":[{"href":"https:\/\/www.hh-development.eu\/cms\/wp-json\/wp\/v2\/types\/page"}],"author":[{"embeddable":true,"href":"https:\/\/www.hh-development.eu\/cms\/wp-json\/wp\/v2\/users\/1"}],"replies":[{"embeddable":true,"href":"https:\/\/www.hh-development.eu\/cms\/wp-json\/wp\/v2\/comments?post=382"}],"version-history":[{"count":17,"href":"https:\/\/www.hh-development.eu\/cms\/wp-json\/wp\/v2\/pages\/382\/revisions"}],"predecessor-version":[{"id":1460,"href":"https:\/\/www.hh-development.eu\/cms\/wp-json\/wp\/v2\/pages\/382\/revisions\/1460"}],"up":[{"embeddable":true,"href":"https:\/\/www.hh-development.eu\/cms\/wp-json\/wp\/v2\/pages\/249"}],"wp:attachment":[{"href":"https:\/\/www.hh-development.eu\/cms\/wp-json\/wp\/v2\/media?parent=382"}],"curies":[{"name":"wp","href":"https:\/\/api.w.org\/{rel}","templated":true}]}}