{"id":386,"date":"2016-07-07T10:02:19","date_gmt":"2016-07-07T08:02:19","guid":{"rendered":"http:\/\/www.hh-development.eu\/cms\/?page_id=386"},"modified":"2016-10-25T11:23:57","modified_gmt":"2016-10-25T09:23:57","slug":"telematik","status":"publish","type":"page","link":"https:\/\/www.hh-development.eu\/cms\/produkte\/fleet-eye\/telematik\/","title":{"rendered":"Telematik"},"content":{"rendered":"<p>Durch den Einsatz von <strong>Telematiksystemen<\/strong>\u00a0wird die Kommunikation zwischen Fahrzeugen und der\u00a0Disposition immens verbessert. Die flexib<a href=\"http:\/\/www.hh-development.eu\/cms\/wp-content\/uploads\/2016\/07\/Kraftstoffevents.png\" target=\"_blank\"><img decoding=\"async\" loading=\"lazy\" class=\"alignright wp-image-512\" title=\"Kraftstoffevents\" src=\"http:\/\/www.hh-development.eu\/cms\/wp-content\/uploads\/2016\/07\/Kraftstoffevents-300x131.png\" alt=\"Kraftstoffevents\" width=\"442\" height=\"193\" srcset=\"https:\/\/www.hh-development.eu\/cms\/wp-content\/uploads\/2016\/07\/Kraftstoffevents-300x131.png 300w, https:\/\/www.hh-development.eu\/cms\/wp-content\/uploads\/2016\/07\/Kraftstoffevents-768x336.png 768w, https:\/\/www.hh-development.eu\/cms\/wp-content\/uploads\/2016\/07\/Kraftstoffevents-1024x448.png 1024w, https:\/\/www.hh-development.eu\/cms\/wp-content\/uploads\/2016\/07\/Kraftstoffevents-1025x449.png 1025w, https:\/\/www.hh-development.eu\/cms\/wp-content\/uploads\/2016\/07\/Kraftstoffevents.png 1366w\" sizes=\"(max-width: 442px) 100vw, 442px\" \/><\/a>le Gestaltung Ihrer Transportprozesse wird dadurch m\u00f6glich.\u00a0Optimieren Sie Ihre Prozesse, senden Sie Ihren Mitarbeitern auf der Stra\u00dfe Auftr\u00e4ge direkt zu, w\u00e4hrend Sie Reports \u00fcber Arbeits- und Fahrtzeiten in Echtzeit anzeigen lassen k\u00f6nnen. Seien\u00a0Sie unabh\u00e4ngig bei der Auswahl Ihrer Telematikl\u00f6sung und sichern Sie sich die system\u00fcbergreifende Integration der gesamten Fahrzeugflotte in die digitale Auftragsabwicklung.<\/p>\n<ul>\n<li><strong>Echtzeitinformationen aller Fahrzeuge<\/strong><\/li>\n<li><strong>Direkter Nachrichtenaustausch mit allen Fahrzeugen<\/strong><a href=\"http:\/\/www.hh-development.eu\/cms\/wp-content\/uploads\/2016\/07\/Positionshistorie.png\" target=\"_blank\"><img decoding=\"async\" loading=\"lazy\" class=\"alignright wp-image-515\" title=\"Positionshistorie\" src=\"http:\/\/www.hh-development.eu\/cms\/wp-content\/uploads\/2016\/07\/Positionshistorie-300x148.png\" alt=\"Positionshistorie\" width=\"440\" height=\"217\" srcset=\"https:\/\/www.hh-development.eu\/cms\/wp-content\/uploads\/2016\/07\/Positionshistorie-300x148.png 300w, https:\/\/www.hh-development.eu\/cms\/wp-content\/uploads\/2016\/07\/Positionshistorie-768x378.png 768w, https:\/\/www.hh-development.eu\/cms\/wp-content\/uploads\/2016\/07\/Positionshistorie-1024x504.png 1024w, https:\/\/www.hh-development.eu\/cms\/wp-content\/uploads\/2016\/07\/Positionshistorie-1016x500.png 1016w, https:\/\/www.hh-development.eu\/cms\/wp-content\/uploads\/2016\/07\/Positionshistorie.png 1178w\" sizes=\"(max-width: 440px) 100vw, 440px\" \/><\/a><\/li>\n<li><strong>Automatisierung interner Prozesse<\/strong><\/li>\n<li><strong>Freie Telematikpartnerwahl\u00a0<\/strong><\/li>\n<li><strong>Integration von Fahrereinsatzdaten<\/strong><\/li>\n<\/ul>\n<p><\/p>","protected":false},"excerpt":{"rendered":"<p>Durch den Einsatz von Telematiksystemen\u00a0wird die Kommunikation zwischen Fahrzeugen und der\u00a0Disposition immens verbessert. Die flexible Gestaltung Ihrer Transportprozesse wird dadurch m\u00f6glich.\u00a0Optimieren Sie Ihre Prozesse, senden Sie Ihren Mitarbeitern auf der <a href=\"https:\/\/www.hh-development.eu\/cms\/produkte\/fleet-eye\/telematik\/\" class=\"more-link\">[&hellip;]<\/a><\/p>\n","protected":false},"author":1,"featured_media":0,"parent":249,"menu_order":0,"comment_status":"closed","ping_status":"closed","template":"","meta":{"Layout":""},"yoast_head":"<!-- This site is optimized with the Yoast SEO plugin v19.14 - https:\/\/yoast.com\/wordpress\/plugins\/seo\/ -->\n<title>Software Telematik - Telematiksysteme - Fahrzeugflotte - Kommunikation<\/title>\n<meta name=\"description\" content=\"Durch den Einsatz von Telematiksystemen wird die Kommunikation mit der Fahrzeugflotte immens verbessert. Die Software liefert Echtzeitinformationen.\" \/>\n<meta name=\"robots\" content=\"index, follow, max-snippet:-1, max-image-preview:large, max-video-preview:-1\" \/>\n<link rel=\"canonical\" href=\"https:\/\/www.hh-development.eu\/cms\/produkte\/fleet-eye\/telematik\/\" \/>\n<meta property=\"og:locale\" content=\"de_DE\" \/>\n<meta property=\"og:type\" content=\"article\" \/>\n<meta property=\"og:title\" content=\"Software Telematik - Telematiksysteme - Fahrzeugflotte - Kommunikation\" \/>\n<meta property=\"og:description\" content=\"Durch den Einsatz von Telematiksystemen wird die Kommunikation mit der Fahrzeugflotte immens verbessert. Die Software liefert Echtzeitinformationen.\" \/>\n<meta property=\"og:url\" content=\"https:\/\/www.hh-development.eu\/cms\/produkte\/fleet-eye\/telematik\/\" \/>\n<meta property=\"article:publisher\" content=\"https:\/\/www.facebook.com\/HH-Development-Industrial-Software-Solutions-GmbH-106837180908857\/\" \/>\n<meta property=\"article:modified_time\" content=\"2016-10-25T09:23:57+00:00\" \/>\n<meta property=\"og:image\" content=\"http:\/\/www.hh-development.eu\/cms\/wp-content\/uploads\/2016\/07\/Kraftstoffevents-300x131.png\" \/>\n<meta name=\"twitter:card\" content=\"summary_large_image\" \/>\n<meta name=\"twitter:label1\" content=\"Gesch\u00e4tzte Lesezeit\" \/>\n\t<meta name=\"twitter:data1\" content=\"1\u00a0Minute\" \/>\n<script type=\"application\/ld+json\" class=\"yoast-schema-graph\">{\"@context\":\"https:\/\/schema.org\",\"@graph\":[{\"@type\":\"WebPage\",\"@id\":\"https:\/\/www.hh-development.eu\/cms\/produkte\/fleet-eye\/telematik\/\",\"url\":\"https:\/\/www.hh-development.eu\/cms\/produkte\/fleet-eye\/telematik\/\",\"name\":\"Software Telematik - Telematiksysteme - Fahrzeugflotte - Kommunikation\",\"isPartOf\":{\"@id\":\"https:\/\/www.hh-development.eu\/cms\/#website\"},\"datePublished\":\"2016-07-07T08:02:19+00:00\",\"dateModified\":\"2016-10-25T09:23:57+00:00\",\"description\":\"Durch den Einsatz von Telematiksystemen wird die Kommunikation mit der Fahrzeugflotte immens verbessert. Die Software liefert Echtzeitinformationen.\",\"breadcrumb\":{\"@id\":\"https:\/\/www.hh-development.eu\/cms\/produkte\/fleet-eye\/telematik\/#breadcrumb\"},\"inLanguage\":\"de\",\"potentialAction\":[{\"@type\":\"ReadAction\",\"target\":[\"https:\/\/www.hh-development.eu\/cms\/produkte\/fleet-eye\/telematik\/\"]}]},{\"@type\":\"BreadcrumbList\",\"@id\":\"https:\/\/www.hh-development.eu\/cms\/produkte\/fleet-eye\/telematik\/#breadcrumb\",\"itemListElement\":[{\"@type\":\"ListItem\",\"position\":1,\"name\":\"Startseite\",\"item\":\"https:\/\/www.hh-development.eu\/cms\/\"},{\"@type\":\"ListItem\",\"position\":2,\"name\":\"Produkte\",\"item\":\"https:\/\/www.hh-development.eu\/cms\/produkte\/\"},{\"@type\":\"ListItem\",\"position\":3,\"name\":\"Fleet-Eye\",\"item\":\"https:\/\/www.hh-development.eu\/cms\/produkte\/fleet-eye\/\"},{\"@type\":\"ListItem\",\"position\":4,\"name\":\"Telematik\"}]},{\"@type\":\"WebSite\",\"@id\":\"https:\/\/www.hh-development.eu\/cms\/#website\",\"url\":\"https:\/\/www.hh-development.eu\/cms\/\",\"name\":\"hh-development.eu\",\"description\":\"\",\"publisher\":{\"@id\":\"https:\/\/www.hh-development.eu\/cms\/#organization\"},\"potentialAction\":[{\"@type\":\"SearchAction\",\"target\":{\"@type\":\"EntryPoint\",\"urlTemplate\":\"https:\/\/www.hh-development.eu\/cms\/?s={search_term_string}\"},\"query-input\":\"required name=search_term_string\"}],\"inLanguage\":\"de\"},{\"@type\":\"Organization\",\"@id\":\"https:\/\/www.hh-development.eu\/cms\/#organization\",\"name\":\"H&H Development Industrial Software Solutions GmbH\",\"url\":\"https:\/\/www.hh-development.eu\/cms\/\",\"logo\":{\"@type\":\"ImageObject\",\"inLanguage\":\"de\",\"@id\":\"https:\/\/www.hh-development.eu\/cms\/#\/schema\/logo\/image\/\",\"url\":\"https:\/\/www.hh-development.eu\/cms\/wp-content\/uploads\/2016\/07\/Logo_neu2-1.png\",\"contentUrl\":\"https:\/\/www.hh-development.eu\/cms\/wp-content\/uploads\/2016\/07\/Logo_neu2-1.png\",\"width\":869,\"height\":256,\"caption\":\"H&H Development Industrial Software Solutions GmbH\"},\"image\":{\"@id\":\"https:\/\/www.hh-development.eu\/cms\/#\/schema\/logo\/image\/\"},\"sameAs\":[\"https:\/\/www.facebook.com\/HH-Development-Industrial-Software-Solutions-GmbH-106837180908857\/\"]}]}<\/script>\n<!-- \/ Yoast SEO plugin. -->","yoast_head_json":{"title":"Software Telematik - Telematiksysteme - Fahrzeugflotte - Kommunikation","description":"Durch den Einsatz von Telematiksystemen wird die Kommunikation mit der Fahrzeugflotte immens verbessert. Die Software liefert Echtzeitinformationen.","robots":{"index":"index","follow":"follow","max-snippet":"max-snippet:-1","max-image-preview":"max-image-preview:large","max-video-preview":"max-video-preview:-1"},"canonical":"https:\/\/www.hh-development.eu\/cms\/produkte\/fleet-eye\/telematik\/","og_locale":"de_DE","og_type":"article","og_title":"Software Telematik - Telematiksysteme - Fahrzeugflotte - Kommunikation","og_description":"Durch den Einsatz von Telematiksystemen wird die Kommunikation mit der Fahrzeugflotte immens verbessert. Die Software liefert Echtzeitinformationen.","og_url":"https:\/\/www.hh-development.eu\/cms\/produkte\/fleet-eye\/telematik\/","article_publisher":"https:\/\/www.facebook.com\/HH-Development-Industrial-Software-Solutions-GmbH-106837180908857\/","article_modified_time":"2016-10-25T09:23:57+00:00","og_image":[{"url":"http:\/\/www.hh-development.eu\/cms\/wp-content\/uploads\/2016\/07\/Kraftstoffevents-300x131.png"}],"twitter_card":"summary_large_image","twitter_misc":{"Gesch\u00e4tzte Lesezeit":"1\u00a0Minute"},"schema":{"@context":"https:\/\/schema.org","@graph":[{"@type":"WebPage","@id":"https:\/\/www.hh-development.eu\/cms\/produkte\/fleet-eye\/telematik\/","url":"https:\/\/www.hh-development.eu\/cms\/produkte\/fleet-eye\/telematik\/","name":"Software Telematik - Telematiksysteme - Fahrzeugflotte - Kommunikation","isPartOf":{"@id":"https:\/\/www.hh-development.eu\/cms\/#website"},"datePublished":"2016-07-07T08:02:19+00:00","dateModified":"2016-10-25T09:23:57+00:00","description":"Durch den Einsatz von Telematiksystemen wird die Kommunikation mit der Fahrzeugflotte immens verbessert. Die Software liefert Echtzeitinformationen.","breadcrumb":{"@id":"https:\/\/www.hh-development.eu\/cms\/produkte\/fleet-eye\/telematik\/#breadcrumb"},"inLanguage":"de","potentialAction":[{"@type":"ReadAction","target":["https:\/\/www.hh-development.eu\/cms\/produkte\/fleet-eye\/telematik\/"]}]},{"@type":"BreadcrumbList","@id":"https:\/\/www.hh-development.eu\/cms\/produkte\/fleet-eye\/telematik\/#breadcrumb","itemListElement":[{"@type":"ListItem","position":1,"name":"Startseite","item":"https:\/\/www.hh-development.eu\/cms\/"},{"@type":"ListItem","position":2,"name":"Produkte","item":"https:\/\/www.hh-development.eu\/cms\/produkte\/"},{"@type":"ListItem","position":3,"name":"Fleet-Eye","item":"https:\/\/www.hh-development.eu\/cms\/produkte\/fleet-eye\/"},{"@type":"ListItem","position":4,"name":"Telematik"}]},{"@type":"WebSite","@id":"https:\/\/www.hh-development.eu\/cms\/#website","url":"https:\/\/www.hh-development.eu\/cms\/","name":"hh-development.eu","description":"","publisher":{"@id":"https:\/\/www.hh-development.eu\/cms\/#organization"},"potentialAction":[{"@type":"SearchAction","target":{"@type":"EntryPoint","urlTemplate":"https:\/\/www.hh-development.eu\/cms\/?s={search_term_string}"},"query-input":"required name=search_term_string"}],"inLanguage":"de"},{"@type":"Organization","@id":"https:\/\/www.hh-development.eu\/cms\/#organization","name":"H&H Development Industrial Software Solutions GmbH","url":"https:\/\/www.hh-development.eu\/cms\/","logo":{"@type":"ImageObject","inLanguage":"de","@id":"https:\/\/www.hh-development.eu\/cms\/#\/schema\/logo\/image\/","url":"https:\/\/www.hh-development.eu\/cms\/wp-content\/uploads\/2016\/07\/Logo_neu2-1.png","contentUrl":"https:\/\/www.hh-development.eu\/cms\/wp-content\/uploads\/2016\/07\/Logo_neu2-1.png","width":869,"height":256,"caption":"H&H Development Industrial Software Solutions GmbH"},"image":{"@id":"https:\/\/www.hh-development.eu\/cms\/#\/schema\/logo\/image\/"},"sameAs":["https:\/\/www.facebook.com\/HH-Development-Industrial-Software-Solutions-GmbH-106837180908857\/"]}]}},"_links":{"self":[{"href":"https:\/\/www.hh-development.eu\/cms\/wp-json\/wp\/v2\/pages\/386"}],"collection":[{"href":"https:\/\/www.hh-development.eu\/cms\/wp-json\/wp\/v2\/pages"}],"about":[{"href":"https:\/\/www.hh-development.eu\/cms\/wp-json\/wp\/v2\/types\/page"}],"author":[{"embeddable":true,"href":"https:\/\/www.hh-development.eu\/cms\/wp-json\/wp\/v2\/users\/1"}],"replies":[{"embeddable":true,"href":"https:\/\/www.hh-development.eu\/cms\/wp-json\/wp\/v2\/comments?post=386"}],"version-history":[{"count":15,"href":"https:\/\/www.hh-development.eu\/cms\/wp-json\/wp\/v2\/pages\/386\/revisions"}],"predecessor-version":[{"id":843,"href":"https:\/\/www.hh-development.eu\/cms\/wp-json\/wp\/v2\/pages\/386\/revisions\/843"}],"up":[{"embeddable":true,"href":"https:\/\/www.hh-development.eu\/cms\/wp-json\/wp\/v2\/pages\/249"}],"wp:attachment":[{"href":"https:\/\/www.hh-development.eu\/cms\/wp-json\/wp\/v2\/media?parent=386"}],"curies":[{"name":"wp","href":"https:\/\/api.w.org\/{rel}","templated":true}]}}