{"id":388,"date":"2016-07-07T10:02:40","date_gmt":"2016-07-07T08:02:40","guid":{"rendered":"http:\/\/www.hh-development.eu\/cms\/?page_id=388"},"modified":"2023-01-13T11:07:50","modified_gmt":"2023-01-13T09:07:50","slug":"alarm-center-alarmmeldungen","status":"publish","type":"page","link":"https:\/\/www.hh-development.eu\/cms\/produkte\/fleet-eye\/alarm-center-alarmmeldungen\/","title":{"rendered":"Alarm Center"},"content":{"rendered":"<p><\/p>\n<p style=\"text-align: justify;\">Im\u00a0<strong>Alarm Center<\/strong> sind Alarmmeldungen vordefiniert, bzw. k\u00f6nnen selbst hinzugef\u00fcgt werden. \u00dcber Alarmmeldungen werden die ausgew\u00e4hlten Mitarbeiter und LKW informiert.<a href=\"http:\/\/www.hh-development.eu\/cms\/wp-content\/uploads\/2021\/06\/Alarmcenter.png\" target=\"_blank\" rel=\"noopener noreferrer\"><img decoding=\"async\" loading=\"lazy\" class=\"wp-image-1362 alignright\" title=\"Alarm Center\" src=\"http:\/\/www.hh-development.eu\/cms\/wp-content\/uploads\/2021\/06\/Alarmcenter.png\" alt=\"\" width=\"316\" height=\"254\" srcset=\"https:\/\/www.hh-development.eu\/cms\/wp-content\/uploads\/2021\/06\/Alarmcenter.png 968w, https:\/\/www.hh-development.eu\/cms\/wp-content\/uploads\/2021\/06\/Alarmcenter-300x241.png 300w, https:\/\/www.hh-development.eu\/cms\/wp-content\/uploads\/2021\/06\/Alarmcenter-768x616.png 768w, https:\/\/www.hh-development.eu\/cms\/wp-content\/uploads\/2021\/06\/Alarmcenter-623x500.png 623w\" sizes=\"(max-width: 316px) 100vw, 316px\" \/><\/a><\/p>\n<p style=\"text-align: justify;\">Funktionsumfang<\/p>\n<ul>\n<li style=\"text-align: justify;\"><strong>SMS\/Email Benachrichtigung, Notfallnachrichten, Ankunftsinformation<\/strong><\/li>\n<li style=\"text-align: justify;\"><strong>Service, Ankunft, Abfahrt, Versp\u00e4tung, Korridor check, Tankstand<\/strong><\/li>\n<li><strong>Benachrichtigung \u00fcber Fahren ohne Karte, kein GPS, keine Tachodaten, etc.<\/strong><\/li>\n<\/ul>\n<p><\/p>","protected":false},"excerpt":{"rendered":"<p>Im\u00a0Alarm Center sind Alarmmeldungen vordefiniert, bzw. k\u00f6nnen selbst hinzugef\u00fcgt werden. \u00dcber Alarmmeldungen werden die ausgew\u00e4hlten Mitarbeiter und LKW informiert. Funktionsumfang SMS\/Email Benachrichtigung, Notfallnachrichten, Ankunftsinformation Service, Ankunft, Abfahrt, Versp\u00e4tung, Korridor check, <a href=\"https:\/\/www.hh-development.eu\/cms\/produkte\/fleet-eye\/alarm-center-alarmmeldungen\/\" class=\"more-link\">[&hellip;]<\/a><\/p>\n","protected":false},"author":1,"featured_media":0,"parent":249,"menu_order":0,"comment_status":"closed","ping_status":"closed","template":"","meta":{"Layout":""},"yoast_head":"<!-- This site is optimized with the Yoast SEO plugin v19.14 - https:\/\/yoast.com\/wordpress\/plugins\/seo\/ -->\n<title>Alarmmeldungen - Ankunftsinformation - Tankstand - Versp\u00e4tung<\/title>\n<meta name=\"description\" content=\"Im Alarm Center sind Alarmmeldungen vordefiniert, bzw. k\u00f6nnen selbst hinzugef\u00fcgt werden. SMS\/Email Benachrichtigung, Notfallnachrichten, Ankunftsinformation\" \/>\n<meta name=\"robots\" content=\"index, follow, max-snippet:-1, max-image-preview:large, max-video-preview:-1\" \/>\n<link rel=\"canonical\" href=\"https:\/\/www.hh-development.eu\/cms\/produkte\/fleet-eye\/alarm-center-alarmmeldungen\/\" \/>\n<meta property=\"og:locale\" content=\"de_DE\" \/>\n<meta property=\"og:type\" content=\"article\" \/>\n<meta property=\"og:title\" content=\"Alarmmeldungen - Ankunftsinformation - Tankstand - Versp\u00e4tung\" \/>\n<meta property=\"og:description\" content=\"Im Alarm Center sind Alarmmeldungen vordefiniert, bzw. k\u00f6nnen selbst hinzugef\u00fcgt werden. SMS\/Email Benachrichtigung, Notfallnachrichten, Ankunftsinformation\" \/>\n<meta property=\"og:url\" content=\"https:\/\/www.hh-development.eu\/cms\/produkte\/fleet-eye\/alarm-center-alarmmeldungen\/\" \/>\n<meta property=\"article:publisher\" content=\"https:\/\/www.facebook.com\/HH-Development-Industrial-Software-Solutions-GmbH-106837180908857\/\" \/>\n<meta property=\"article:modified_time\" content=\"2023-01-13T09:07:50+00:00\" \/>\n<meta property=\"og:image\" content=\"http:\/\/www.hh-development.eu\/cms\/wp-content\/uploads\/2021\/06\/Alarmcenter.png\" \/>\n<meta name=\"twitter:card\" content=\"summary_large_image\" \/>\n<meta name=\"twitter:label1\" content=\"Gesch\u00e4tzte Lesezeit\" \/>\n\t<meta name=\"twitter:data1\" content=\"1\u00a0Minute\" \/>\n<script type=\"application\/ld+json\" class=\"yoast-schema-graph\">{\"@context\":\"https:\/\/schema.org\",\"@graph\":[{\"@type\":\"WebPage\",\"@id\":\"https:\/\/www.hh-development.eu\/cms\/produkte\/fleet-eye\/alarm-center-alarmmeldungen\/\",\"url\":\"https:\/\/www.hh-development.eu\/cms\/produkte\/fleet-eye\/alarm-center-alarmmeldungen\/\",\"name\":\"Alarmmeldungen - Ankunftsinformation - Tankstand - Versp\u00e4tung\",\"isPartOf\":{\"@id\":\"https:\/\/www.hh-development.eu\/cms\/#website\"},\"datePublished\":\"2016-07-07T08:02:40+00:00\",\"dateModified\":\"2023-01-13T09:07:50+00:00\",\"description\":\"Im Alarm Center sind Alarmmeldungen vordefiniert, bzw. k\u00f6nnen selbst hinzugef\u00fcgt werden. SMS\/Email Benachrichtigung, Notfallnachrichten, Ankunftsinformation\",\"breadcrumb\":{\"@id\":\"https:\/\/www.hh-development.eu\/cms\/produkte\/fleet-eye\/alarm-center-alarmmeldungen\/#breadcrumb\"},\"inLanguage\":\"de\",\"potentialAction\":[{\"@type\":\"ReadAction\",\"target\":[\"https:\/\/www.hh-development.eu\/cms\/produkte\/fleet-eye\/alarm-center-alarmmeldungen\/\"]}]},{\"@type\":\"BreadcrumbList\",\"@id\":\"https:\/\/www.hh-development.eu\/cms\/produkte\/fleet-eye\/alarm-center-alarmmeldungen\/#breadcrumb\",\"itemListElement\":[{\"@type\":\"ListItem\",\"position\":1,\"name\":\"Startseite\",\"item\":\"https:\/\/www.hh-development.eu\/cms\/\"},{\"@type\":\"ListItem\",\"position\":2,\"name\":\"Produkte\",\"item\":\"https:\/\/www.hh-development.eu\/cms\/produkte\/\"},{\"@type\":\"ListItem\",\"position\":3,\"name\":\"Fleet-Eye\",\"item\":\"https:\/\/www.hh-development.eu\/cms\/produkte\/fleet-eye\/\"},{\"@type\":\"ListItem\",\"position\":4,\"name\":\"Alarm Center\"}]},{\"@type\":\"WebSite\",\"@id\":\"https:\/\/www.hh-development.eu\/cms\/#website\",\"url\":\"https:\/\/www.hh-development.eu\/cms\/\",\"name\":\"hh-development.eu\",\"description\":\"\",\"publisher\":{\"@id\":\"https:\/\/www.hh-development.eu\/cms\/#organization\"},\"potentialAction\":[{\"@type\":\"SearchAction\",\"target\":{\"@type\":\"EntryPoint\",\"urlTemplate\":\"https:\/\/www.hh-development.eu\/cms\/?s={search_term_string}\"},\"query-input\":\"required name=search_term_string\"}],\"inLanguage\":\"de\"},{\"@type\":\"Organization\",\"@id\":\"https:\/\/www.hh-development.eu\/cms\/#organization\",\"name\":\"H&H Development Industrial Software Solutions GmbH\",\"url\":\"https:\/\/www.hh-development.eu\/cms\/\",\"logo\":{\"@type\":\"ImageObject\",\"inLanguage\":\"de\",\"@id\":\"https:\/\/www.hh-development.eu\/cms\/#\/schema\/logo\/image\/\",\"url\":\"https:\/\/www.hh-development.eu\/cms\/wp-content\/uploads\/2016\/07\/Logo_neu2-1.png\",\"contentUrl\":\"https:\/\/www.hh-development.eu\/cms\/wp-content\/uploads\/2016\/07\/Logo_neu2-1.png\",\"width\":869,\"height\":256,\"caption\":\"H&H Development Industrial Software Solutions GmbH\"},\"image\":{\"@id\":\"https:\/\/www.hh-development.eu\/cms\/#\/schema\/logo\/image\/\"},\"sameAs\":[\"https:\/\/www.facebook.com\/HH-Development-Industrial-Software-Solutions-GmbH-106837180908857\/\"]}]}<\/script>\n<!-- \/ Yoast SEO plugin. -->","yoast_head_json":{"title":"Alarmmeldungen - Ankunftsinformation - Tankstand - Versp\u00e4tung","description":"Im Alarm Center sind Alarmmeldungen vordefiniert, bzw. k\u00f6nnen selbst hinzugef\u00fcgt werden. SMS\/Email Benachrichtigung, Notfallnachrichten, Ankunftsinformation","robots":{"index":"index","follow":"follow","max-snippet":"max-snippet:-1","max-image-preview":"max-image-preview:large","max-video-preview":"max-video-preview:-1"},"canonical":"https:\/\/www.hh-development.eu\/cms\/produkte\/fleet-eye\/alarm-center-alarmmeldungen\/","og_locale":"de_DE","og_type":"article","og_title":"Alarmmeldungen - Ankunftsinformation - Tankstand - Versp\u00e4tung","og_description":"Im Alarm Center sind Alarmmeldungen vordefiniert, bzw. k\u00f6nnen selbst hinzugef\u00fcgt werden. SMS\/Email Benachrichtigung, Notfallnachrichten, Ankunftsinformation","og_url":"https:\/\/www.hh-development.eu\/cms\/produkte\/fleet-eye\/alarm-center-alarmmeldungen\/","article_publisher":"https:\/\/www.facebook.com\/HH-Development-Industrial-Software-Solutions-GmbH-106837180908857\/","article_modified_time":"2023-01-13T09:07:50+00:00","og_image":[{"url":"http:\/\/www.hh-development.eu\/cms\/wp-content\/uploads\/2021\/06\/Alarmcenter.png"}],"twitter_card":"summary_large_image","twitter_misc":{"Gesch\u00e4tzte Lesezeit":"1\u00a0Minute"},"schema":{"@context":"https:\/\/schema.org","@graph":[{"@type":"WebPage","@id":"https:\/\/www.hh-development.eu\/cms\/produkte\/fleet-eye\/alarm-center-alarmmeldungen\/","url":"https:\/\/www.hh-development.eu\/cms\/produkte\/fleet-eye\/alarm-center-alarmmeldungen\/","name":"Alarmmeldungen - Ankunftsinformation - Tankstand - Versp\u00e4tung","isPartOf":{"@id":"https:\/\/www.hh-development.eu\/cms\/#website"},"datePublished":"2016-07-07T08:02:40+00:00","dateModified":"2023-01-13T09:07:50+00:00","description":"Im Alarm Center sind Alarmmeldungen vordefiniert, bzw. k\u00f6nnen selbst hinzugef\u00fcgt werden. SMS\/Email Benachrichtigung, Notfallnachrichten, Ankunftsinformation","breadcrumb":{"@id":"https:\/\/www.hh-development.eu\/cms\/produkte\/fleet-eye\/alarm-center-alarmmeldungen\/#breadcrumb"},"inLanguage":"de","potentialAction":[{"@type":"ReadAction","target":["https:\/\/www.hh-development.eu\/cms\/produkte\/fleet-eye\/alarm-center-alarmmeldungen\/"]}]},{"@type":"BreadcrumbList","@id":"https:\/\/www.hh-development.eu\/cms\/produkte\/fleet-eye\/alarm-center-alarmmeldungen\/#breadcrumb","itemListElement":[{"@type":"ListItem","position":1,"name":"Startseite","item":"https:\/\/www.hh-development.eu\/cms\/"},{"@type":"ListItem","position":2,"name":"Produkte","item":"https:\/\/www.hh-development.eu\/cms\/produkte\/"},{"@type":"ListItem","position":3,"name":"Fleet-Eye","item":"https:\/\/www.hh-development.eu\/cms\/produkte\/fleet-eye\/"},{"@type":"ListItem","position":4,"name":"Alarm Center"}]},{"@type":"WebSite","@id":"https:\/\/www.hh-development.eu\/cms\/#website","url":"https:\/\/www.hh-development.eu\/cms\/","name":"hh-development.eu","description":"","publisher":{"@id":"https:\/\/www.hh-development.eu\/cms\/#organization"},"potentialAction":[{"@type":"SearchAction","target":{"@type":"EntryPoint","urlTemplate":"https:\/\/www.hh-development.eu\/cms\/?s={search_term_string}"},"query-input":"required name=search_term_string"}],"inLanguage":"de"},{"@type":"Organization","@id":"https:\/\/www.hh-development.eu\/cms\/#organization","name":"H&H Development Industrial Software Solutions GmbH","url":"https:\/\/www.hh-development.eu\/cms\/","logo":{"@type":"ImageObject","inLanguage":"de","@id":"https:\/\/www.hh-development.eu\/cms\/#\/schema\/logo\/image\/","url":"https:\/\/www.hh-development.eu\/cms\/wp-content\/uploads\/2016\/07\/Logo_neu2-1.png","contentUrl":"https:\/\/www.hh-development.eu\/cms\/wp-content\/uploads\/2016\/07\/Logo_neu2-1.png","width":869,"height":256,"caption":"H&H Development Industrial Software Solutions GmbH"},"image":{"@id":"https:\/\/www.hh-development.eu\/cms\/#\/schema\/logo\/image\/"},"sameAs":["https:\/\/www.facebook.com\/HH-Development-Industrial-Software-Solutions-GmbH-106837180908857\/"]}]}},"_links":{"self":[{"href":"https:\/\/www.hh-development.eu\/cms\/wp-json\/wp\/v2\/pages\/388"}],"collection":[{"href":"https:\/\/www.hh-development.eu\/cms\/wp-json\/wp\/v2\/pages"}],"about":[{"href":"https:\/\/www.hh-development.eu\/cms\/wp-json\/wp\/v2\/types\/page"}],"author":[{"embeddable":true,"href":"https:\/\/www.hh-development.eu\/cms\/wp-json\/wp\/v2\/users\/1"}],"replies":[{"embeddable":true,"href":"https:\/\/www.hh-development.eu\/cms\/wp-json\/wp\/v2\/comments?post=388"}],"version-history":[{"count":20,"href":"https:\/\/www.hh-development.eu\/cms\/wp-json\/wp\/v2\/pages\/388\/revisions"}],"predecessor-version":[{"id":1454,"href":"https:\/\/www.hh-development.eu\/cms\/wp-json\/wp\/v2\/pages\/388\/revisions\/1454"}],"up":[{"embeddable":true,"href":"https:\/\/www.hh-development.eu\/cms\/wp-json\/wp\/v2\/pages\/249"}],"wp:attachment":[{"href":"https:\/\/www.hh-development.eu\/cms\/wp-json\/wp\/v2\/media?parent=388"}],"curies":[{"name":"wp","href":"https:\/\/api.w.org\/{rel}","templated":true}]}}