{"id":693,"date":"2016-09-23T10:07:49","date_gmt":"2016-09-23T08:07:49","guid":{"rendered":"http:\/\/www.hh-development.eu\/cms\/?page_id=693"},"modified":"2016-10-18T09:10:30","modified_gmt":"2016-10-18T07:10:30","slug":"karriere","status":"publish","type":"page","link":"https:\/\/www.hh-development.eu\/cms\/unternehmen\/karriere\/","title":{"rendered":"Karriere"},"content":{"rendered":"<p><\/p>\n<p style=\"text-align: justify;\">Mit unseren Branchenl\u00f6sungen in der Telematik begeistern wir national und international unsere Kunden. Unsere breite Produktpalette reicht von Schnittstellen und Partnerschaften zu vielen Telematikanbietern, Entwicklung und Pflege von Lohn- und Spesensystemen, dem Berichtswesen und Auswertung auf verschiedenen Ebenen bis hin zur Mitarbeit an kundenspezifischen L\u00f6sungen.<\/p>\n<p style=\"text-align: justify;\">Wir suchen<br \/>\nMotivierte Mitarbeiter (m\/w) mit Interesse an einer Besch\u00e4ftigung in der IT-Branche und an einem abwechslungsreichen Arbeitsplatz.<\/p>\n<p style=\"text-align: justify;\">Ihr Profil<\/p>\n<ul style=\"text-align: justify;\">\n<li class=\"bodytext\">Datenbank-Anwendungskenntnisse, insbesondere MS SQL-Server, C# Voraussetzung<\/li>\n<li class=\"bodytext\">Interesse an der Entwicklung der Software f\u00fcr mobile Ger\u00e4te<\/li>\n<li class=\"bodytext\">Mehrj\u00e4hrige Praxis in objektorientierter Softwareentwicklung von Vorteil<\/li>\n<li class=\"bodytext\">Gute Deutsch- und Englischkenntnisse<\/li>\n<li class=\"bodytext\">Teamorientiert, Qualit\u00e4tsbewusstsein, Verl\u00e4sslichkeit<\/li>\n<\/ul>\n<p style=\"text-align: justify;\">Ihre Aufgaben<br \/>\nEntwicklung von Softwarel\u00f6sungen mit dem Schwerpunkt Android Konzeption und Umsetzung ma\u00dfgeschneiderter Produkte, sowie die Wartung und Weiterentwicklung unserer bestehenden Projekte.<\/p>\n<p style=\"text-align: justify;\">Unser Angebot<br \/>\nSelbstverantwortliche Mitgestaltung von Telematik-L\u00f6sungen. Ein positives und offenes Arbeitsklima mit kurzen Kommunikations- und Entscheidungswegen. Motivierendes Betriebsklima.<\/p>\n<p style=\"text-align: justify;\">Wir freuen\u00a0uns auf Ihre\u00a0aussagekr\u00e4ftige Bewerbung. Diese senden Sie\u00a0bitte\u00a0mit den \u00fcblichen Unterlagen an <a href=\"http:\/\/support@fleet-eye.eu\">support@fleet-eye.eu<\/a>\u00a0zu Handen Herrn Andreas Huber.<\/p>\n<p class=\"bodytext\" style=\"text-align: justify;\">Initiativbewerbungen sind jederzeit erw\u00fcnscht.<\/p>\n<p><\/p>","protected":false},"excerpt":{"rendered":"<p>Mit unseren Branchenl\u00f6sungen in der Telematik begeistern wir national und international unsere Kunden. Unsere breite Produktpalette reicht von Schnittstellen und Partnerschaften zu vielen Telematikanbietern, Entwicklung und Pflege von Lohn- und <a href=\"https:\/\/www.hh-development.eu\/cms\/unternehmen\/karriere\/\" class=\"more-link\">[&hellip;]<\/a><\/p>\n","protected":false},"author":1,"featured_media":0,"parent":52,"menu_order":0,"comment_status":"closed","ping_status":"closed","template":"","meta":{"Layout":""},"yoast_head":"<!-- This site is optimized with the Yoast SEO plugin v19.14 - https:\/\/yoast.com\/wordpress\/plugins\/seo\/ -->\n<title>Software Entwickler (m\/w) C# f\u00fcr Branchenl\u00f6sungen in der Telematik<\/title>\n<meta name=\"description\" content=\"Branchenl\u00f6sungen in der Telematik. Breite Produktpalette von Schnittstellen zu Telematikanbietern, Berichtswesen und Auswertung auf verschiedenen Ebenen...\" \/>\n<meta name=\"robots\" content=\"index, follow, max-snippet:-1, max-image-preview:large, max-video-preview:-1\" \/>\n<link rel=\"canonical\" href=\"https:\/\/www.hh-development.eu\/cms\/unternehmen\/karriere\/\" \/>\n<meta property=\"og:locale\" content=\"de_DE\" \/>\n<meta property=\"og:type\" content=\"article\" \/>\n<meta property=\"og:title\" content=\"Software Entwickler (m\/w) C# f\u00fcr Branchenl\u00f6sungen in der Telematik\" \/>\n<meta property=\"og:description\" content=\"Branchenl\u00f6sungen in der Telematik. Breite Produktpalette von Schnittstellen zu Telematikanbietern, Berichtswesen und Auswertung auf verschiedenen Ebenen...\" \/>\n<meta property=\"og:url\" content=\"https:\/\/www.hh-development.eu\/cms\/unternehmen\/karriere\/\" \/>\n<meta property=\"article:publisher\" content=\"https:\/\/www.facebook.com\/HH-Development-Industrial-Software-Solutions-GmbH-106837180908857\/\" \/>\n<meta property=\"article:modified_time\" content=\"2016-10-18T07:10:30+00:00\" \/>\n<meta name=\"twitter:card\" content=\"summary_large_image\" \/>\n<meta name=\"twitter:label1\" content=\"Gesch\u00e4tzte Lesezeit\" \/>\n\t<meta name=\"twitter:data1\" content=\"2\u00a0Minuten\" \/>\n<script type=\"application\/ld+json\" class=\"yoast-schema-graph\">{\"@context\":\"https:\/\/schema.org\",\"@graph\":[{\"@type\":\"WebPage\",\"@id\":\"https:\/\/www.hh-development.eu\/cms\/unternehmen\/karriere\/\",\"url\":\"https:\/\/www.hh-development.eu\/cms\/unternehmen\/karriere\/\",\"name\":\"Software Entwickler (m\/w) C# f\u00fcr Branchenl\u00f6sungen in der Telematik\",\"isPartOf\":{\"@id\":\"https:\/\/www.hh-development.eu\/cms\/#website\"},\"datePublished\":\"2016-09-23T08:07:49+00:00\",\"dateModified\":\"2016-10-18T07:10:30+00:00\",\"description\":\"Branchenl\u00f6sungen in der Telematik. Breite Produktpalette von Schnittstellen zu Telematikanbietern, Berichtswesen und Auswertung auf verschiedenen Ebenen...\",\"breadcrumb\":{\"@id\":\"https:\/\/www.hh-development.eu\/cms\/unternehmen\/karriere\/#breadcrumb\"},\"inLanguage\":\"de\",\"potentialAction\":[{\"@type\":\"ReadAction\",\"target\":[\"https:\/\/www.hh-development.eu\/cms\/unternehmen\/karriere\/\"]}]},{\"@type\":\"BreadcrumbList\",\"@id\":\"https:\/\/www.hh-development.eu\/cms\/unternehmen\/karriere\/#breadcrumb\",\"itemListElement\":[{\"@type\":\"ListItem\",\"position\":1,\"name\":\"Startseite\",\"item\":\"https:\/\/www.hh-development.eu\/cms\/\"},{\"@type\":\"ListItem\",\"position\":2,\"name\":\"Unternehmen\",\"item\":\"https:\/\/www.hh-development.eu\/cms\/\"},{\"@type\":\"ListItem\",\"position\":3,\"name\":\"Karriere\"}]},{\"@type\":\"WebSite\",\"@id\":\"https:\/\/www.hh-development.eu\/cms\/#website\",\"url\":\"https:\/\/www.hh-development.eu\/cms\/\",\"name\":\"hh-development.eu\",\"description\":\"\",\"publisher\":{\"@id\":\"https:\/\/www.hh-development.eu\/cms\/#organization\"},\"potentialAction\":[{\"@type\":\"SearchAction\",\"target\":{\"@type\":\"EntryPoint\",\"urlTemplate\":\"https:\/\/www.hh-development.eu\/cms\/?s={search_term_string}\"},\"query-input\":\"required name=search_term_string\"}],\"inLanguage\":\"de\"},{\"@type\":\"Organization\",\"@id\":\"https:\/\/www.hh-development.eu\/cms\/#organization\",\"name\":\"H&H Development Industrial Software Solutions GmbH\",\"url\":\"https:\/\/www.hh-development.eu\/cms\/\",\"logo\":{\"@type\":\"ImageObject\",\"inLanguage\":\"de\",\"@id\":\"https:\/\/www.hh-development.eu\/cms\/#\/schema\/logo\/image\/\",\"url\":\"https:\/\/www.hh-development.eu\/cms\/wp-content\/uploads\/2016\/07\/Logo_neu2-1.png\",\"contentUrl\":\"https:\/\/www.hh-development.eu\/cms\/wp-content\/uploads\/2016\/07\/Logo_neu2-1.png\",\"width\":869,\"height\":256,\"caption\":\"H&H Development Industrial Software Solutions GmbH\"},\"image\":{\"@id\":\"https:\/\/www.hh-development.eu\/cms\/#\/schema\/logo\/image\/\"},\"sameAs\":[\"https:\/\/www.facebook.com\/HH-Development-Industrial-Software-Solutions-GmbH-106837180908857\/\"]}]}<\/script>\n<!-- \/ Yoast SEO plugin. -->","yoast_head_json":{"title":"Software Entwickler (m\/w) C# f\u00fcr Branchenl\u00f6sungen in der Telematik","description":"Branchenl\u00f6sungen in der Telematik. Breite Produktpalette von Schnittstellen zu Telematikanbietern, Berichtswesen und Auswertung auf verschiedenen Ebenen...","robots":{"index":"index","follow":"follow","max-snippet":"max-snippet:-1","max-image-preview":"max-image-preview:large","max-video-preview":"max-video-preview:-1"},"canonical":"https:\/\/www.hh-development.eu\/cms\/unternehmen\/karriere\/","og_locale":"de_DE","og_type":"article","og_title":"Software Entwickler (m\/w) C# f\u00fcr Branchenl\u00f6sungen in der Telematik","og_description":"Branchenl\u00f6sungen in der Telematik. Breite Produktpalette von Schnittstellen zu Telematikanbietern, Berichtswesen und Auswertung auf verschiedenen Ebenen...","og_url":"https:\/\/www.hh-development.eu\/cms\/unternehmen\/karriere\/","article_publisher":"https:\/\/www.facebook.com\/HH-Development-Industrial-Software-Solutions-GmbH-106837180908857\/","article_modified_time":"2016-10-18T07:10:30+00:00","twitter_card":"summary_large_image","twitter_misc":{"Gesch\u00e4tzte Lesezeit":"2\u00a0Minuten"},"schema":{"@context":"https:\/\/schema.org","@graph":[{"@type":"WebPage","@id":"https:\/\/www.hh-development.eu\/cms\/unternehmen\/karriere\/","url":"https:\/\/www.hh-development.eu\/cms\/unternehmen\/karriere\/","name":"Software Entwickler (m\/w) C# f\u00fcr Branchenl\u00f6sungen in der Telematik","isPartOf":{"@id":"https:\/\/www.hh-development.eu\/cms\/#website"},"datePublished":"2016-09-23T08:07:49+00:00","dateModified":"2016-10-18T07:10:30+00:00","description":"Branchenl\u00f6sungen in der Telematik. Breite Produktpalette von Schnittstellen zu Telematikanbietern, Berichtswesen und Auswertung auf verschiedenen Ebenen...","breadcrumb":{"@id":"https:\/\/www.hh-development.eu\/cms\/unternehmen\/karriere\/#breadcrumb"},"inLanguage":"de","potentialAction":[{"@type":"ReadAction","target":["https:\/\/www.hh-development.eu\/cms\/unternehmen\/karriere\/"]}]},{"@type":"BreadcrumbList","@id":"https:\/\/www.hh-development.eu\/cms\/unternehmen\/karriere\/#breadcrumb","itemListElement":[{"@type":"ListItem","position":1,"name":"Startseite","item":"https:\/\/www.hh-development.eu\/cms\/"},{"@type":"ListItem","position":2,"name":"Unternehmen","item":"https:\/\/www.hh-development.eu\/cms\/"},{"@type":"ListItem","position":3,"name":"Karriere"}]},{"@type":"WebSite","@id":"https:\/\/www.hh-development.eu\/cms\/#website","url":"https:\/\/www.hh-development.eu\/cms\/","name":"hh-development.eu","description":"","publisher":{"@id":"https:\/\/www.hh-development.eu\/cms\/#organization"},"potentialAction":[{"@type":"SearchAction","target":{"@type":"EntryPoint","urlTemplate":"https:\/\/www.hh-development.eu\/cms\/?s={search_term_string}"},"query-input":"required name=search_term_string"}],"inLanguage":"de"},{"@type":"Organization","@id":"https:\/\/www.hh-development.eu\/cms\/#organization","name":"H&H Development Industrial Software Solutions GmbH","url":"https:\/\/www.hh-development.eu\/cms\/","logo":{"@type":"ImageObject","inLanguage":"de","@id":"https:\/\/www.hh-development.eu\/cms\/#\/schema\/logo\/image\/","url":"https:\/\/www.hh-development.eu\/cms\/wp-content\/uploads\/2016\/07\/Logo_neu2-1.png","contentUrl":"https:\/\/www.hh-development.eu\/cms\/wp-content\/uploads\/2016\/07\/Logo_neu2-1.png","width":869,"height":256,"caption":"H&H Development Industrial Software Solutions GmbH"},"image":{"@id":"https:\/\/www.hh-development.eu\/cms\/#\/schema\/logo\/image\/"},"sameAs":["https:\/\/www.facebook.com\/HH-Development-Industrial-Software-Solutions-GmbH-106837180908857\/"]}]}},"_links":{"self":[{"href":"https:\/\/www.hh-development.eu\/cms\/wp-json\/wp\/v2\/pages\/693"}],"collection":[{"href":"https:\/\/www.hh-development.eu\/cms\/wp-json\/wp\/v2\/pages"}],"about":[{"href":"https:\/\/www.hh-development.eu\/cms\/wp-json\/wp\/v2\/types\/page"}],"author":[{"embeddable":true,"href":"https:\/\/www.hh-development.eu\/cms\/wp-json\/wp\/v2\/users\/1"}],"replies":[{"embeddable":true,"href":"https:\/\/www.hh-development.eu\/cms\/wp-json\/wp\/v2\/comments?post=693"}],"version-history":[{"count":8,"href":"https:\/\/www.hh-development.eu\/cms\/wp-json\/wp\/v2\/pages\/693\/revisions"}],"predecessor-version":[{"id":847,"href":"https:\/\/www.hh-development.eu\/cms\/wp-json\/wp\/v2\/pages\/693\/revisions\/847"}],"up":[{"embeddable":true,"href":"https:\/\/www.hh-development.eu\/cms\/wp-json\/wp\/v2\/pages\/52"}],"wp:attachment":[{"href":"https:\/\/www.hh-development.eu\/cms\/wp-json\/wp\/v2\/media?parent=693"}],"curies":[{"name":"wp","href":"https:\/\/api.w.org\/{rel}","templated":true}]}}