{"id":970,"date":"2017-03-20T10:26:00","date_gmt":"2017-03-20T08:26:00","guid":{"rendered":"http:\/\/www.hh-development.eu\/cms\/?page_id=970"},"modified":"2023-01-12T14:03:01","modified_gmt":"2023-01-12T12:03:01","slug":"abrechnung","status":"publish","type":"page","link":"https:\/\/www.hh-development.eu\/cms\/produkte\/fleet-eye\/abrechnung\/","title":{"rendered":"Abrechnung"},"content":{"rendered":"<p><img decoding=\"async\" loading=\"lazy\" class=\"wp-image-1352 alignright\" title=\"Preislisten\" src=\"http:\/\/www.hh-development.eu\/cms\/wp-content\/uploads\/2021\/06\/Preislisten.png\" alt=\"\" width=\"534\" height=\"248\" srcset=\"https:\/\/www.hh-development.eu\/cms\/wp-content\/uploads\/2021\/06\/Preislisten.png 2029w, https:\/\/www.hh-development.eu\/cms\/wp-content\/uploads\/2021\/06\/Preislisten-300x139.png 300w, https:\/\/www.hh-development.eu\/cms\/wp-content\/uploads\/2021\/06\/Preislisten-1024x475.png 1024w, https:\/\/www.hh-development.eu\/cms\/wp-content\/uploads\/2021\/06\/Preislisten-768x356.png 768w, https:\/\/www.hh-development.eu\/cms\/wp-content\/uploads\/2021\/06\/Preislisten-1536x712.png 1536w, https:\/\/www.hh-development.eu\/cms\/wp-content\/uploads\/2021\/06\/Preislisten-1025x475.png 1025w\" sizes=\"(max-width: 534px) 100vw, 534px\" \/><\/p>\n<p>Das\u00a0Modul <strong>Abrechnung<\/strong> erm\u00f6glicht eine Leistungsverrechnung\u00a0der Sendungen.\u00a0Einzelrechnungen und\u00a0Sammelrechnungen k\u00f6nnen erstellt werden. Eine einfache Eingangsrechnungskontrolle, sowie Belegsdruck ist m\u00f6glich. MWST Findung, Sachkontenzuordnung und Kostenstellenzuordnung kann durchgef\u00fchrt werden. Alle Daten k\u00f6nnen daher ins Buchhaltungsprogramm, Excel oder als Ascii exportiert werden.<\/p>\n<p>&nbsp;<\/p>\n<p>Preislisten k\u00f6nnen wie folgt definiert werden:<a href=\"http:\/\/www.hh-development.eu\/cms\/wp-content\/uploads\/2021\/06\/Rechnung.png\" target=\"_blank\" rel=\"noopener noreferrer\"><img decoding=\"async\" loading=\"lazy\" class=\"wp-image-1354 alignright\" title=\"Rechnung erstellen\" src=\"http:\/\/www.hh-development.eu\/cms\/wp-content\/uploads\/2021\/06\/Rechnung.png\" alt=\"\" width=\"387\" height=\"248\" srcset=\"https:\/\/www.hh-development.eu\/cms\/wp-content\/uploads\/2021\/06\/Rechnung.png 1610w, https:\/\/www.hh-development.eu\/cms\/wp-content\/uploads\/2021\/06\/Rechnung-300x192.png 300w, https:\/\/www.hh-development.eu\/cms\/wp-content\/uploads\/2021\/06\/Rechnung-1024x656.png 1024w, https:\/\/www.hh-development.eu\/cms\/wp-content\/uploads\/2021\/06\/Rechnung-768x492.png 768w, https:\/\/www.hh-development.eu\/cms\/wp-content\/uploads\/2021\/06\/Rechnung-1536x984.png 1536w, https:\/\/www.hh-development.eu\/cms\/wp-content\/uploads\/2021\/06\/Rechnung-781x500.png 781w\" sizes=\"(max-width: 387px) 100vw, 387px\" \/><\/a><\/p>\n<ul>\n<li><strong>Kunden\/Rechnungsempf\u00e4nger<\/strong><\/li>\n<li><strong>Definition von PLZ Bereichen pro Kunden<\/strong><\/li>\n<li><strong>Preisstaffelungen pro PLZ Bereich<\/strong><\/li>\n<li><strong>Zusatzleistungen<\/strong><\/li>\n<li><strong>Automatische Preisfindung bei Sendungserfassung<\/strong><\/li>\n<\/ul>\n<p><\/p>","protected":false},"excerpt":{"rendered":"<p>Das\u00a0Modul Abrechnung erm\u00f6glicht eine Leistungsverrechnung\u00a0der Sendungen.\u00a0Einzelrechnungen und\u00a0Sammelrechnungen k\u00f6nnen erstellt werden. Eine einfache Eingangsrechnungskontrolle, sowie Belegsdruck ist m\u00f6glich. MWST Findung, Sachkontenzuordnung und Kostenstellenzuordnung kann durchgef\u00fchrt werden. Alle Daten k\u00f6nnen daher ins <a href=\"https:\/\/www.hh-development.eu\/cms\/produkte\/fleet-eye\/abrechnung\/\" class=\"more-link\">[&hellip;]<\/a><\/p>\n","protected":false},"author":1,"featured_media":0,"parent":249,"menu_order":0,"comment_status":"closed","ping_status":"closed","template":"","meta":{"Layout":""},"yoast_head":"<!-- This site is optimized with the Yoast SEO plugin v19.14 - https:\/\/yoast.com\/wordpress\/plugins\/seo\/ -->\n<title>Abrechnung |<\/title>\n<meta name=\"robots\" content=\"index, follow, max-snippet:-1, max-image-preview:large, max-video-preview:-1\" \/>\n<link rel=\"canonical\" href=\"https:\/\/www.hh-development.eu\/cms\/produkte\/fleet-eye\/abrechnung\/\" \/>\n<meta property=\"og:locale\" content=\"de_DE\" \/>\n<meta property=\"og:type\" content=\"article\" \/>\n<meta property=\"og:title\" content=\"Abrechnung |\" \/>\n<meta property=\"og:description\" content=\"Das\u00a0Modul Abrechnung erm\u00f6glicht eine Leistungsverrechnung\u00a0der Sendungen.\u00a0Einzelrechnungen und\u00a0Sammelrechnungen k\u00f6nnen erstellt werden. Eine einfache Eingangsrechnungskontrolle, sowie Belegsdruck ist m\u00f6glich. MWST Findung, Sachkontenzuordnung und Kostenstellenzuordnung kann durchgef\u00fchrt werden. Alle Daten k\u00f6nnen daher ins [&hellip;]\" \/>\n<meta property=\"og:url\" content=\"https:\/\/www.hh-development.eu\/cms\/produkte\/fleet-eye\/abrechnung\/\" \/>\n<meta property=\"article:publisher\" content=\"https:\/\/www.facebook.com\/HH-Development-Industrial-Software-Solutions-GmbH-106837180908857\/\" \/>\n<meta property=\"article:modified_time\" content=\"2023-01-12T12:03:01+00:00\" \/>\n<meta property=\"og:image\" content=\"http:\/\/www.hh-development.eu\/cms\/wp-content\/uploads\/2021\/06\/Preislisten.png\" \/>\n<meta name=\"twitter:card\" content=\"summary_large_image\" \/>\n<meta name=\"twitter:label1\" content=\"Gesch\u00e4tzte Lesezeit\" \/>\n\t<meta name=\"twitter:data1\" content=\"1\u00a0Minute\" \/>\n<script type=\"application\/ld+json\" class=\"yoast-schema-graph\">{\"@context\":\"https:\/\/schema.org\",\"@graph\":[{\"@type\":\"WebPage\",\"@id\":\"https:\/\/www.hh-development.eu\/cms\/produkte\/fleet-eye\/abrechnung\/\",\"url\":\"https:\/\/www.hh-development.eu\/cms\/produkte\/fleet-eye\/abrechnung\/\",\"name\":\"Abrechnung |\",\"isPartOf\":{\"@id\":\"https:\/\/www.hh-development.eu\/cms\/#website\"},\"datePublished\":\"2017-03-20T08:26:00+00:00\",\"dateModified\":\"2023-01-12T12:03:01+00:00\",\"breadcrumb\":{\"@id\":\"https:\/\/www.hh-development.eu\/cms\/produkte\/fleet-eye\/abrechnung\/#breadcrumb\"},\"inLanguage\":\"de\",\"potentialAction\":[{\"@type\":\"ReadAction\",\"target\":[\"https:\/\/www.hh-development.eu\/cms\/produkte\/fleet-eye\/abrechnung\/\"]}]},{\"@type\":\"BreadcrumbList\",\"@id\":\"https:\/\/www.hh-development.eu\/cms\/produkte\/fleet-eye\/abrechnung\/#breadcrumb\",\"itemListElement\":[{\"@type\":\"ListItem\",\"position\":1,\"name\":\"Startseite\",\"item\":\"https:\/\/www.hh-development.eu\/cms\/\"},{\"@type\":\"ListItem\",\"position\":2,\"name\":\"Produkte\",\"item\":\"https:\/\/www.hh-development.eu\/cms\/produkte\/\"},{\"@type\":\"ListItem\",\"position\":3,\"name\":\"Fleet-Eye\",\"item\":\"https:\/\/www.hh-development.eu\/cms\/produkte\/fleet-eye\/\"},{\"@type\":\"ListItem\",\"position\":4,\"name\":\"Abrechnung\"}]},{\"@type\":\"WebSite\",\"@id\":\"https:\/\/www.hh-development.eu\/cms\/#website\",\"url\":\"https:\/\/www.hh-development.eu\/cms\/\",\"name\":\"hh-development.eu\",\"description\":\"\",\"publisher\":{\"@id\":\"https:\/\/www.hh-development.eu\/cms\/#organization\"},\"potentialAction\":[{\"@type\":\"SearchAction\",\"target\":{\"@type\":\"EntryPoint\",\"urlTemplate\":\"https:\/\/www.hh-development.eu\/cms\/?s={search_term_string}\"},\"query-input\":\"required name=search_term_string\"}],\"inLanguage\":\"de\"},{\"@type\":\"Organization\",\"@id\":\"https:\/\/www.hh-development.eu\/cms\/#organization\",\"name\":\"H&H Development Industrial Software Solutions GmbH\",\"url\":\"https:\/\/www.hh-development.eu\/cms\/\",\"logo\":{\"@type\":\"ImageObject\",\"inLanguage\":\"de\",\"@id\":\"https:\/\/www.hh-development.eu\/cms\/#\/schema\/logo\/image\/\",\"url\":\"https:\/\/www.hh-development.eu\/cms\/wp-content\/uploads\/2016\/07\/Logo_neu2-1.png\",\"contentUrl\":\"https:\/\/www.hh-development.eu\/cms\/wp-content\/uploads\/2016\/07\/Logo_neu2-1.png\",\"width\":869,\"height\":256,\"caption\":\"H&H Development Industrial Software Solutions GmbH\"},\"image\":{\"@id\":\"https:\/\/www.hh-development.eu\/cms\/#\/schema\/logo\/image\/\"},\"sameAs\":[\"https:\/\/www.facebook.com\/HH-Development-Industrial-Software-Solutions-GmbH-106837180908857\/\"]}]}<\/script>\n<!-- \/ Yoast SEO plugin. -->","yoast_head_json":{"title":"Abrechnung |","robots":{"index":"index","follow":"follow","max-snippet":"max-snippet:-1","max-image-preview":"max-image-preview:large","max-video-preview":"max-video-preview:-1"},"canonical":"https:\/\/www.hh-development.eu\/cms\/produkte\/fleet-eye\/abrechnung\/","og_locale":"de_DE","og_type":"article","og_title":"Abrechnung |","og_description":"Das\u00a0Modul Abrechnung erm\u00f6glicht eine Leistungsverrechnung\u00a0der Sendungen.\u00a0Einzelrechnungen und\u00a0Sammelrechnungen k\u00f6nnen erstellt werden. Eine einfache Eingangsrechnungskontrolle, sowie Belegsdruck ist m\u00f6glich. MWST Findung, Sachkontenzuordnung und Kostenstellenzuordnung kann durchgef\u00fchrt werden. Alle Daten k\u00f6nnen daher ins [&hellip;]","og_url":"https:\/\/www.hh-development.eu\/cms\/produkte\/fleet-eye\/abrechnung\/","article_publisher":"https:\/\/www.facebook.com\/HH-Development-Industrial-Software-Solutions-GmbH-106837180908857\/","article_modified_time":"2023-01-12T12:03:01+00:00","og_image":[{"url":"http:\/\/www.hh-development.eu\/cms\/wp-content\/uploads\/2021\/06\/Preislisten.png"}],"twitter_card":"summary_large_image","twitter_misc":{"Gesch\u00e4tzte Lesezeit":"1\u00a0Minute"},"schema":{"@context":"https:\/\/schema.org","@graph":[{"@type":"WebPage","@id":"https:\/\/www.hh-development.eu\/cms\/produkte\/fleet-eye\/abrechnung\/","url":"https:\/\/www.hh-development.eu\/cms\/produkte\/fleet-eye\/abrechnung\/","name":"Abrechnung |","isPartOf":{"@id":"https:\/\/www.hh-development.eu\/cms\/#website"},"datePublished":"2017-03-20T08:26:00+00:00","dateModified":"2023-01-12T12:03:01+00:00","breadcrumb":{"@id":"https:\/\/www.hh-development.eu\/cms\/produkte\/fleet-eye\/abrechnung\/#breadcrumb"},"inLanguage":"de","potentialAction":[{"@type":"ReadAction","target":["https:\/\/www.hh-development.eu\/cms\/produkte\/fleet-eye\/abrechnung\/"]}]},{"@type":"BreadcrumbList","@id":"https:\/\/www.hh-development.eu\/cms\/produkte\/fleet-eye\/abrechnung\/#breadcrumb","itemListElement":[{"@type":"ListItem","position":1,"name":"Startseite","item":"https:\/\/www.hh-development.eu\/cms\/"},{"@type":"ListItem","position":2,"name":"Produkte","item":"https:\/\/www.hh-development.eu\/cms\/produkte\/"},{"@type":"ListItem","position":3,"name":"Fleet-Eye","item":"https:\/\/www.hh-development.eu\/cms\/produkte\/fleet-eye\/"},{"@type":"ListItem","position":4,"name":"Abrechnung"}]},{"@type":"WebSite","@id":"https:\/\/www.hh-development.eu\/cms\/#website","url":"https:\/\/www.hh-development.eu\/cms\/","name":"hh-development.eu","description":"","publisher":{"@id":"https:\/\/www.hh-development.eu\/cms\/#organization"},"potentialAction":[{"@type":"SearchAction","target":{"@type":"EntryPoint","urlTemplate":"https:\/\/www.hh-development.eu\/cms\/?s={search_term_string}"},"query-input":"required name=search_term_string"}],"inLanguage":"de"},{"@type":"Organization","@id":"https:\/\/www.hh-development.eu\/cms\/#organization","name":"H&H Development Industrial Software Solutions GmbH","url":"https:\/\/www.hh-development.eu\/cms\/","logo":{"@type":"ImageObject","inLanguage":"de","@id":"https:\/\/www.hh-development.eu\/cms\/#\/schema\/logo\/image\/","url":"https:\/\/www.hh-development.eu\/cms\/wp-content\/uploads\/2016\/07\/Logo_neu2-1.png","contentUrl":"https:\/\/www.hh-development.eu\/cms\/wp-content\/uploads\/2016\/07\/Logo_neu2-1.png","width":869,"height":256,"caption":"H&H Development Industrial Software Solutions GmbH"},"image":{"@id":"https:\/\/www.hh-development.eu\/cms\/#\/schema\/logo\/image\/"},"sameAs":["https:\/\/www.facebook.com\/HH-Development-Industrial-Software-Solutions-GmbH-106837180908857\/"]}]}},"_links":{"self":[{"href":"https:\/\/www.hh-development.eu\/cms\/wp-json\/wp\/v2\/pages\/970"}],"collection":[{"href":"https:\/\/www.hh-development.eu\/cms\/wp-json\/wp\/v2\/pages"}],"about":[{"href":"https:\/\/www.hh-development.eu\/cms\/wp-json\/wp\/v2\/types\/page"}],"author":[{"embeddable":true,"href":"https:\/\/www.hh-development.eu\/cms\/wp-json\/wp\/v2\/users\/1"}],"replies":[{"embeddable":true,"href":"https:\/\/www.hh-development.eu\/cms\/wp-json\/wp\/v2\/comments?post=970"}],"version-history":[{"count":23,"href":"https:\/\/www.hh-development.eu\/cms\/wp-json\/wp\/v2\/pages\/970\/revisions"}],"predecessor-version":[{"id":1449,"href":"https:\/\/www.hh-development.eu\/cms\/wp-json\/wp\/v2\/pages\/970\/revisions\/1449"}],"up":[{"embeddable":true,"href":"https:\/\/www.hh-development.eu\/cms\/wp-json\/wp\/v2\/pages\/249"}],"wp:attachment":[{"href":"https:\/\/www.hh-development.eu\/cms\/wp-json\/wp\/v2\/media?parent=970"}],"curies":[{"name":"wp","href":"https:\/\/api.w.org\/{rel}","templated":true}]}}